{"id":79761,"date":"2022-08-16T14:11:27","date_gmt":"2022-08-16T14:11:27","guid":{"rendered":"https:\/\/www.wib.pl\/?page_id=79761"},"modified":"2022-08-16T14:11:27","modified_gmt":"2022-08-16T14:11:27","slug":"popros-o-wycene","status":"publish","type":"page","link":"https:\/\/www.wib.pl\/en\/popros-o-wycene\/","title":{"rendered":"Popro\u015b o wycen\u0119"},"content":{"rendered":"<div class=\"wpb-content-wrapper\"><p>[vc_row equal_height=&#8221;yes&#8221; woodmart_css_id=&#8221;640329f95f9bb&#8221; responsive_spacing=&#8221;eyJwYXJhbV90eXBlIjoid29vZG1hcnRfcmVzcG9uc2l2ZV9zcGFjaW5nIiwic2VsZWN0b3JfaWQiOiI2NDAzMjlmOTVmOWJiIiwic2hvcnRjb2RlIjoidmNfcm93IiwiZGF0YSI6eyJ0YWJsZXQiOnt9LCJtb2JpbGUiOnt9fX0=&#8221; mobile_bg_img_hidden=&#8221;no&#8221; tablet_bg_img_hidden=&#8221;no&#8221; woodmart_parallax=&#8221;0&#8243; woodmart_gradient_switch=&#8221;no&#8221; woodmart_box_shadow=&#8221;no&#8221; wd_z_index=&#8221;no&#8221; woodmart_disable_overflow=&#8221;0&#8243; row_reverse_mobile=&#8221;0&#8243; row_reverse_tablet=&#8221;0&#8243;][vc_column][gravityform id=&#8221;2&#8243; title=&#8221;false&#8221; description=&#8221;true&#8221; ajax=&#8221;true&#8221;][\/vc_column][\/vc_row][vc_row css=&#8221;.vc_custom_1677929262578{padding-bottom: 30px !important;}&#8221; woodmart_css_id=&#8221;64032b305d024&#8243; responsive_spacing=&#8221;eyJwYXJhbV90eXBlIjoid29vZG1hcnRfcmVzcG9uc2l2ZV9zcGFjaW5nIiwic2VsZWN0b3JfaWQiOiI2NDAzMmIzMDVkMDI0Iiwic2hvcnRjb2RlIjoidmNfcm93IiwiZGF0YSI6eyJ0YWJsZXQiOnt9LCJtb2JpbGUiOnt9fX0=&#8221; mobile_bg_img_hidden=&#8221;no&#8221; tablet_bg_img_hidden=&#8221;no&#8221; woodmart_parallax=&#8221;0&#8243; woodmart_gradient_switch=&#8221;no&#8221; woodmart_box_shadow=&#8221;no&#8221; wd_z_index=&#8221;no&#8221; woodmart_disable_overflow=&#8221;0&#8243; row_reverse_mobile=&#8221;0&#8243; row_reverse_tablet=&#8221;0&#8243;][vc_column]\t\t<div id=\"wd-64032b073cafb\" class=\"wd-text-block wd-wpb reset-last-child wd-rs-64032b073cafb text-left \">\n\t\t\t<p style=\"text-align: center\">Nie mo\u017cesz znale\u017a\u0107 tego, czego szukasz lub potrzebujesz pomocy?<\/p>\n<p style=\"text-align: center\">Zadzwo\u0144 do nas pod numer <a href=\"502687808\">+48 502 687 808<\/a> lub wy\u015blij nam wiadomo\u015b\u0107 <a href=\"mailto:handel@wib.pl\">e-mai<\/a>l.<\/p>\n\t\t<\/div>\n\t\t[\/vc_column][\/vc_row]<\/p>\n<\/div>","protected":false},"excerpt":{"rendered":"<p>[vc_row equal_height=&#8221;yes&#8221; woodmart_css_id=&#8221;640329f95f9bb&#8221; responsive_spacing=&#8221;eyJwYXJhbV90eXBlIjoid29vZG1hcnRfcmVzcG9uc2l2ZV9zcGFjaW5nIiwic2VsZWN0b3JfaWQiOiI2NDAzMjlmOTVmOWJiIiwic2hvcnRjb2RlIjoidmNfcm93IiwiZGF0YSI6eyJ0YWJsZXQiOnt9LCJtb2JpbGUiOnt9fX0=&#8221; mobile_bg_img_hidden=&#8221;no&#8221; tablet_bg_img_hidden=&#8221;no&#8221; woodmart_parallax=&#8221;0&#8243; woodmart_gradient_switch=&#8221;no&#8221; woodmart_box_shadow=&#8221;no&#8221; wd_z_index=&#8221;no&#8221; woodmart_disable_overflow=&#8221;0&#8243; row_reverse_mobile=&#8221;0&#8243; row_reverse_tablet=&#8221;0&#8243;][vc_column][gravityform id=&#8221;2&#8243; title=&#8221;false&#8221; description=&#8221;true&#8221; ajax=&#8221;true&#8221;][\/vc_column][\/vc_row][vc_row css=&#8221;.vc_custom_1677929262578{padding-bottom: 30px !important;}&#8221;<\/p>\n","protected":false},"author":1,"featured_media":0,"parent":0,"menu_order":0,"comment_status":"closed","ping_status":"closed","template":"","meta":{"footnotes":""},"class_list":["post-79761","page","type-page","status-publish","hentry"],"yoast_head":"<!-- This site is optimized with the Yoast SEO Premium plugin v24.3 (Yoast SEO v27.5) - https:\/\/yoast.com\/product\/yoast-seo-premium-wordpress\/ -->\n<title>Popro\u015b o wycen\u0119 | Manufacturer of printed advertising gadgets - WIB from Bialystok<\/title>\n<meta name=\"robots\" content=\"index, follow, max-snippet:-1, max-image-preview:large, max-video-preview:-1\" \/>\n<link rel=\"canonical\" href=\"https:\/\/www.wib.pl\/en\/popros-o-wycene\/\" \/>\n<meta property=\"og:locale\" content=\"en_US\" \/>\n<meta property=\"og:type\" content=\"article\" \/>\n<meta property=\"og:title\" content=\"Popro\u015b o wycen\u0119\" \/>\n<meta property=\"og:description\" content=\"[vc_row equal_height=&#8221;yes&#8221; woodmart_css_id=&#8221;640329f95f9bb&#8221; responsive_spacing=&#8221;eyJwYXJhbV90eXBlIjoid29vZG1hcnRfcmVzcG9uc2l2ZV9zcGFjaW5nIiwic2VsZWN0b3JfaWQiOiI2NDAzMjlmOTVmOWJiIiwic2hvcnRjb2RlIjoidmNfcm93IiwiZGF0YSI6eyJ0YWJsZXQiOnt9LCJtb2JpbGUiOnt9fX0=&#8221; mobile_bg_img_hidden=&#8221;no&#8221; tablet_bg_img_hidden=&#8221;no&#8221; woodmart_parallax=&#8221;0&#8243; woodmart_gradient_switch=&#8221;no&#8221; woodmart_box_shadow=&#8221;no&#8221; wd_z_index=&#8221;no&#8221; woodmart_disable_overflow=&#8221;0&#8243; row_reverse_mobile=&#8221;0&#8243; row_reverse_tablet=&#8221;0&#8243;][vc_column][gravityform id=&#8221;2&#8243; title=&#8221;false&#8221; description=&#8221;true&#8221; ajax=&#8221;true&#8221;][\/vc_column][\/vc_row][vc_row css=&#8221;.vc_custom_1677929262578{padding-bottom: 30px !important;}&#8221;\" \/>\n<meta property=\"og:url\" content=\"https:\/\/www.wib.pl\/en\/popros-o-wycene\/\" \/>\n<meta property=\"og:site_name\" content=\"Manufacturer of printed advertising gadgets - WIB from Bialystok\" \/>\n<meta property=\"og:image\" content=\"https:\/\/www.wib.pl\/en\/wp-content\/uploads\/sites\/2\/2025\/02\/cropped-wib_logo.webp\" \/>\n\t<meta property=\"og:image:width\" content=\"512\" \/>\n\t<meta property=\"og:image:height\" content=\"512\" \/>\n\t<meta property=\"og:image:type\" content=\"image\/webp\" \/>\n<meta name=\"twitter:card\" content=\"summary_large_image\" \/>\n<meta name=\"twitter:label1\" content=\"Est. reading time\" \/>\n\t<meta name=\"twitter:data1\" content=\"1 minute\" \/>\n<script type=\"application\/ld+json\" class=\"yoast-schema-graph\">{\"@context\":\"https:\\\/\\\/schema.org\",\"@graph\":[{\"@type\":\"WebPage\",\"@id\":\"https:\\\/\\\/www.wib.pl\\\/en\\\/popros-o-wycene\\\/\",\"url\":\"https:\\\/\\\/www.wib.pl\\\/en\\\/popros-o-wycene\\\/\",\"name\":\"Popro\u015b o wycen\u0119 | Manufacturer of printed advertising gadgets - WIB from Bialystok\",\"isPartOf\":{\"@id\":\"https:\\\/\\\/www.wib.pl\\\/en\\\/#website\"},\"datePublished\":\"2022-08-16T14:11:27+00:00\",\"breadcrumb\":{\"@id\":\"https:\\\/\\\/www.wib.pl\\\/en\\\/popros-o-wycene\\\/#breadcrumb\"},\"inLanguage\":\"en-US\",\"potentialAction\":[{\"@type\":\"ReadAction\",\"target\":[\"https:\\\/\\\/www.wib.pl\\\/en\\\/popros-o-wycene\\\/\"]}]},{\"@type\":\"BreadcrumbList\",\"@id\":\"https:\\\/\\\/www.wib.pl\\\/en\\\/popros-o-wycene\\\/#breadcrumb\",\"itemListElement\":[{\"@type\":\"ListItem\",\"position\":1,\"name\":\"Homepage\",\"item\":\"https:\\\/\\\/www.wib.pl\\\/en\\\/\"},{\"@type\":\"ListItem\",\"position\":2,\"name\":\"Popro\u015b o wycen\u0119\"}]},{\"@type\":\"WebSite\",\"@id\":\"https:\\\/\\\/www.wib.pl\\\/en\\\/#website\",\"url\":\"https:\\\/\\\/www.wib.pl\\\/en\\\/\",\"name\":\"Manufacturer of printed advertising gadgets - WIB from Bialystok\",\"description\":\"We are a manufacturer of printed advertising gadgets and advertising clothing. We provide a wide selection of advertising materials. We encourage you to check our offer.\",\"publisher\":{\"@id\":\"https:\\\/\\\/www.wib.pl\\\/en\\\/#organization\"},\"potentialAction\":[{\"@type\":\"SearchAction\",\"target\":{\"@type\":\"EntryPoint\",\"urlTemplate\":\"https:\\\/\\\/www.wib.pl\\\/en\\\/?s={search_term_string}\"},\"query-input\":{\"@type\":\"PropertyValueSpecification\",\"valueRequired\":true,\"valueName\":\"search_term_string\"}}],\"inLanguage\":\"en-US\"},{\"@type\":\"Organization\",\"@id\":\"https:\\\/\\\/www.wib.pl\\\/en\\\/#organization\",\"name\":\"Manufacturer of printed advertising gadgets - WIB from Bialystok\",\"url\":\"https:\\\/\\\/www.wib.pl\\\/en\\\/\",\"logo\":{\"@type\":\"ImageObject\",\"inLanguage\":\"en-US\",\"@id\":\"https:\\\/\\\/www.wib.pl\\\/en\\\/#\\\/schema\\\/logo\\\/image\\\/\",\"url\":\"https:\\\/\\\/www.wib.pl\\\/en\\\/wp-content\\\/uploads\\\/sites\\\/2\\\/2025\\\/02\\\/cropped-wib_logo.webp\",\"contentUrl\":\"https:\\\/\\\/www.wib.pl\\\/en\\\/wp-content\\\/uploads\\\/sites\\\/2\\\/2025\\\/02\\\/cropped-wib_logo.webp\",\"width\":512,\"height\":512,\"caption\":\"Manufacturer of printed advertising gadgets - WIB from Bialystok\"},\"image\":{\"@id\":\"https:\\\/\\\/www.wib.pl\\\/en\\\/#\\\/schema\\\/logo\\\/image\\\/\"}}]}<\/script>\n<!-- \/ Yoast SEO Premium plugin. -->","yoast_head_json":{"title":"Popro\u015b o wycen\u0119 | Manufacturer of printed advertising gadgets - WIB from Bialystok","robots":{"index":"index","follow":"follow","max-snippet":"max-snippet:-1","max-image-preview":"max-image-preview:large","max-video-preview":"max-video-preview:-1"},"canonical":"https:\/\/www.wib.pl\/en\/popros-o-wycene\/","og_locale":"en_US","og_type":"article","og_title":"Popro\u015b o wycen\u0119","og_description":"[vc_row equal_height=&#8221;yes&#8221; woodmart_css_id=&#8221;640329f95f9bb&#8221; responsive_spacing=&#8221;eyJwYXJhbV90eXBlIjoid29vZG1hcnRfcmVzcG9uc2l2ZV9zcGFjaW5nIiwic2VsZWN0b3JfaWQiOiI2NDAzMjlmOTVmOWJiIiwic2hvcnRjb2RlIjoidmNfcm93IiwiZGF0YSI6eyJ0YWJsZXQiOnt9LCJtb2JpbGUiOnt9fX0=&#8221; mobile_bg_img_hidden=&#8221;no&#8221; tablet_bg_img_hidden=&#8221;no&#8221; woodmart_parallax=&#8221;0&#8243; woodmart_gradient_switch=&#8221;no&#8221; woodmart_box_shadow=&#8221;no&#8221; wd_z_index=&#8221;no&#8221; woodmart_disable_overflow=&#8221;0&#8243; row_reverse_mobile=&#8221;0&#8243; row_reverse_tablet=&#8221;0&#8243;][vc_column][gravityform id=&#8221;2&#8243; title=&#8221;false&#8221; description=&#8221;true&#8221; ajax=&#8221;true&#8221;][\/vc_column][\/vc_row][vc_row css=&#8221;.vc_custom_1677929262578{padding-bottom: 30px !important;}&#8221;","og_url":"https:\/\/www.wib.pl\/en\/popros-o-wycene\/","og_site_name":"Manufacturer of printed advertising gadgets - WIB from Bialystok","og_image":[{"width":512,"height":512,"url":"https:\/\/www.wib.pl\/en\/wp-content\/uploads\/sites\/2\/2025\/02\/cropped-wib_logo.webp","type":"image\/webp"}],"twitter_card":"summary_large_image","twitter_misc":{"Est. reading time":"1 minute"},"schema":{"@context":"https:\/\/schema.org","@graph":[{"@type":"WebPage","@id":"https:\/\/www.wib.pl\/en\/popros-o-wycene\/","url":"https:\/\/www.wib.pl\/en\/popros-o-wycene\/","name":"Popro\u015b o wycen\u0119 | Manufacturer of printed advertising gadgets - WIB from Bialystok","isPartOf":{"@id":"https:\/\/www.wib.pl\/en\/#website"},"datePublished":"2022-08-16T14:11:27+00:00","breadcrumb":{"@id":"https:\/\/www.wib.pl\/en\/popros-o-wycene\/#breadcrumb"},"inLanguage":"en-US","potentialAction":[{"@type":"ReadAction","target":["https:\/\/www.wib.pl\/en\/popros-o-wycene\/"]}]},{"@type":"BreadcrumbList","@id":"https:\/\/www.wib.pl\/en\/popros-o-wycene\/#breadcrumb","itemListElement":[{"@type":"ListItem","position":1,"name":"Homepage","item":"https:\/\/www.wib.pl\/en\/"},{"@type":"ListItem","position":2,"name":"Popro\u015b o wycen\u0119"}]},{"@type":"WebSite","@id":"https:\/\/www.wib.pl\/en\/#website","url":"https:\/\/www.wib.pl\/en\/","name":"Manufacturer of printed advertising gadgets - WIB from Bialystok","description":"We are a manufacturer of printed advertising gadgets and advertising clothing. We provide a wide selection of advertising materials. We encourage you to check our offer.","publisher":{"@id":"https:\/\/www.wib.pl\/en\/#organization"},"potentialAction":[{"@type":"SearchAction","target":{"@type":"EntryPoint","urlTemplate":"https:\/\/www.wib.pl\/en\/?s={search_term_string}"},"query-input":{"@type":"PropertyValueSpecification","valueRequired":true,"valueName":"search_term_string"}}],"inLanguage":"en-US"},{"@type":"Organization","@id":"https:\/\/www.wib.pl\/en\/#organization","name":"Manufacturer of printed advertising gadgets - WIB from Bialystok","url":"https:\/\/www.wib.pl\/en\/","logo":{"@type":"ImageObject","inLanguage":"en-US","@id":"https:\/\/www.wib.pl\/en\/#\/schema\/logo\/image\/","url":"https:\/\/www.wib.pl\/en\/wp-content\/uploads\/sites\/2\/2025\/02\/cropped-wib_logo.webp","contentUrl":"https:\/\/www.wib.pl\/en\/wp-content\/uploads\/sites\/2\/2025\/02\/cropped-wib_logo.webp","width":512,"height":512,"caption":"Manufacturer of printed advertising gadgets - WIB from Bialystok"},"image":{"@id":"https:\/\/www.wib.pl\/en\/#\/schema\/logo\/image\/"}}]}},"_links":{"self":[{"href":"https:\/\/www.wib.pl\/en\/wp-json\/wp\/v2\/pages\/79761","targetHints":{"allow":["GET"]}}],"collection":[{"href":"https:\/\/www.wib.pl\/en\/wp-json\/wp\/v2\/pages"}],"about":[{"href":"https:\/\/www.wib.pl\/en\/wp-json\/wp\/v2\/types\/page"}],"author":[{"embeddable":true,"href":"https:\/\/www.wib.pl\/en\/wp-json\/wp\/v2\/users\/1"}],"replies":[{"embeddable":true,"href":"https:\/\/www.wib.pl\/en\/wp-json\/wp\/v2\/comments?post=79761"}],"version-history":[{"count":0,"href":"https:\/\/www.wib.pl\/en\/wp-json\/wp\/v2\/pages\/79761\/revisions"}],"wp:attachment":[{"href":"https:\/\/www.wib.pl\/en\/wp-json\/wp\/v2\/media?parent=79761"}],"curies":[{"name":"wp","href":"https:\/\/api.w.org\/{rel}","templated":true}]}}