{"id":82409,"date":"2023-02-27T18:56:21","date_gmt":"2023-02-27T18:56:21","guid":{"rendered":"https:\/\/www.wib.pl\/?page_id=82409"},"modified":"2023-02-27T18:56:21","modified_gmt":"2023-02-27T18:56:21","slug":"aktualnosci","status":"publish","type":"page","link":"https:\/\/www.wib.pl\/en\/aktualnosci\/","title":{"rendered":"Aktualno\u015bci"},"content":{"rendered":"<div class=\"wpb-content-wrapper\"><p>[vc_row][vc_column]<div id=\"69f4dd318fc2c\" class=\"wd-blog-element wd-wpb\"><div class=\"wd-posts wd-blog-holder wd-grid-g\" data-paged=\"1\" data-atts=\"{&quot;carousel_id&quot;:&quot;5000&quot;,&quot;speed&quot;:&quot;5000&quot;,&quot;slides_per_view&quot;:&quot;3&quot;,&quot;slides_per_view_tablet&quot;:&quot;auto&quot;,&quot;slides_per_view_mobile&quot;:&quot;auto&quot;,&quot;wrap&quot;:&quot;&quot;,&quot;loop&quot;:false,&quot;autoplay&quot;:&quot;no&quot;,&quot;autoheight&quot;:&quot;no&quot;,&quot;hide_pagination_control&quot;:&quot;&quot;,&quot;hide_pagination_control_tablet&quot;:&quot;yes&quot;,&quot;hide_pagination_control_mobile&quot;:&quot;yes&quot;,&quot;dynamic_pagination_control&quot;:&quot;no&quot;,&quot;hide_prev_next_buttons&quot;:&quot;&quot;,&quot;hide_prev_next_buttons_tablet&quot;:&quot;&quot;,&quot;hide_prev_next_buttons_mobile&quot;:&quot;&quot;,&quot;carousel_arrows_position&quot;:&quot;&quot;,&quot;hide_scrollbar&quot;:&quot;yes&quot;,&quot;hide_scrollbar_tablet&quot;:&quot;yes&quot;,&quot;hide_scrollbar_mobile&quot;:&quot;yes&quot;,&quot;scroll_per_page&quot;:&quot;yes&quot;,&quot;dragEndSpeed&quot;:200,&quot;center_mode&quot;:&quot;no&quot;,&quot;custom_sizes&quot;:&quot;&quot;,&quot;sliding_speed&quot;:false,&quot;animation&quot;:false,&quot;content_animation&quot;:false,&quot;post_type&quot;:&quot;ids&quot;,&quot;slider&quot;:&quot;&quot;,&quot;library&quot;:&quot;&quot;,&quot;css&quot;:&quot;&quot;,&quot;effect&quot;:&quot;&quot;,&quot;spacing&quot;:&quot;&quot;,&quot;spacing_tablet&quot;:&quot;&quot;,&quot;spacing_mobile&quot;:&quot;&quot;,&quot;carousel_sync&quot;:&quot;&quot;,&quot;sync_parent_id&quot;:&quot;&quot;,&quot;sync_child_id&quot;:&quot;&quot;,&quot;scroll_carousel_init&quot;:&quot;no&quot;,&quot;disable_overflow_carousel&quot;:&quot;no&quot;,&quot;include&quot;:&quot;2064, 2061, 2057&quot;,&quot;custom_query&quot;:&quot;&quot;,&quot;taxonomies&quot;:&quot;&quot;,&quot;pagination&quot;:&quot;pagination&quot;,&quot;parts_media&quot;:true,&quot;parts_title&quot;:&quot;1&quot;,&quot;parts_meta&quot;:&quot;1&quot;,&quot;parts_text&quot;:&quot;1&quot;,&quot;parts_btn&quot;:&quot;1&quot;,&quot;parts_published_date&quot;:true,&quot;items_per_page&quot;:&quot;6&quot;,&quot;offset&quot;:&quot;&quot;,&quot;orderby&quot;:&quot;date&quot;,&quot;order&quot;:&quot;DESC&quot;,&quot;meta_key&quot;:&quot;&quot;,&quot;exclude&quot;:&quot;&quot;,&quot;class&quot;:&quot;&quot;,&quot;ajax_page&quot;:&quot;&quot;,&quot;img_size&quot;:&quot;medium&quot;,&quot;img_size_custom&quot;:[],&quot;blog_design&quot;:&quot;masonry&quot;,&quot;blog_masonry&quot;:false,&quot;blog_carousel_design&quot;:&quot;masonry&quot;,&quot;blog_columns&quot;:3,&quot;blog_columns_tablet&quot;:&quot;auto&quot;,&quot;blog_columns_mobile&quot;:&quot;auto&quot;,&quot;blog_spacing&quot;:&quot;30&quot;,&quot;blog_spacing_tablet&quot;:&quot;&quot;,&quot;blog_spacing_mobile&quot;:&quot;&quot;,&quot;lazy_loading&quot;:&quot;no&quot;,&quot;search&quot;:&quot;&quot;,&quot;woodmart_css_id&quot;:&quot;&quot;,&quot;element_title&quot;:&quot;&quot;,&quot;element_title_tag&quot;:&quot;h3&quot;,&quot;inner_content&quot;:&quot;&quot;,&quot;el_id&quot;:&quot;&quot;,&quot;el_class&quot;:&quot;&quot;,&quot;wrapper_classes&quot;:&quot;&quot;}\" data-source=\"shortcode\" style=\"--wd-col-lg:3;--wd-col-md:3;--wd-col-sm:1;--wd-gap-lg:30px;--wd-gap-sm:10px;\"><\/div><\/div>[\/vc_column][\/vc_row]<\/p>\n<\/div>","protected":false},"excerpt":{"rendered":"<p>[vc_row][vc_column][\/vc_column][\/vc_row]<\/p>\n","protected":false},"author":1,"featured_media":0,"parent":0,"menu_order":0,"comment_status":"closed","ping_status":"closed","template":"","meta":{"footnotes":""},"class_list":["post-82409","page","type-page","status-publish","hentry"],"yoast_head":"<!-- This site is optimized with the Yoast SEO Premium plugin v24.3 (Yoast SEO v27.5) - https:\/\/yoast.com\/product\/yoast-seo-premium-wordpress\/ -->\n<title>Aktualno\u015bci \u2013 poznaj najnowsze wiadomo\u015bci z \u017cycia firmy WIB<\/title>\n<meta name=\"description\" content=\"Zapraszamy do \u015bledzenia Aktualno\u015bci, z kt\u00f3rych dowiesz si\u0119, co aktualnie dzieje si\u0119 w naszej firmie. Polski producent nadruk\u00f3w, odzie\u017cy i gad\u017cet\u00f3w zaprasza do wsp\u00f3\u0142pracy\" \/>\n<meta name=\"robots\" content=\"index, follow, max-snippet:-1, max-image-preview:large, max-video-preview:-1\" \/>\n<link rel=\"canonical\" href=\"https:\/\/www.wib.pl\/en\/aktualnosci\/\" \/>\n<meta property=\"og:locale\" content=\"en_US\" \/>\n<meta property=\"og:type\" content=\"article\" \/>\n<meta property=\"og:title\" content=\"Aktualno\u015bci\" \/>\n<meta property=\"og:description\" content=\"Zapraszamy do \u015bledzenia Aktualno\u015bci, z kt\u00f3rych dowiesz si\u0119, co aktualnie dzieje si\u0119 w naszej firmie. Polski producent nadruk\u00f3w, odzie\u017cy i gad\u017cet\u00f3w zaprasza do wsp\u00f3\u0142pracy\" \/>\n<meta property=\"og:url\" content=\"https:\/\/www.wib.pl\/en\/aktualnosci\/\" \/>\n<meta property=\"og:site_name\" content=\"Manufacturer of printed advertising gadgets - WIB from Bialystok\" \/>\n<meta property=\"og:image\" content=\"https:\/\/www.wib.pl\/en\/wp-content\/uploads\/sites\/2\/2025\/02\/cropped-wib_logo.webp\" \/>\n\t<meta property=\"og:image:width\" content=\"512\" \/>\n\t<meta property=\"og:image:height\" content=\"512\" \/>\n\t<meta property=\"og:image:type\" content=\"image\/webp\" \/>\n<meta name=\"twitter:card\" content=\"summary_large_image\" \/>\n<meta name=\"twitter:label1\" content=\"Est. reading time\" \/>\n\t<meta name=\"twitter:data1\" content=\"1 minute\" \/>\n<script type=\"application\/ld+json\" class=\"yoast-schema-graph\">{\"@context\":\"https:\\\/\\\/schema.org\",\"@graph\":[{\"@type\":\"WebPage\",\"@id\":\"https:\\\/\\\/www.wib.pl\\\/en\\\/aktualnosci\\\/\",\"url\":\"https:\\\/\\\/www.wib.pl\\\/en\\\/aktualnosci\\\/\",\"name\":\"Aktualno\u015bci \u2013 poznaj najnowsze wiadomo\u015bci z \u017cycia firmy WIB\",\"isPartOf\":{\"@id\":\"https:\\\/\\\/www.wib.pl\\\/en\\\/#website\"},\"datePublished\":\"2023-02-27T18:56:21+00:00\",\"description\":\"Zapraszamy do \u015bledzenia Aktualno\u015bci, z kt\u00f3rych dowiesz si\u0119, co aktualnie dzieje si\u0119 w naszej firmie. Polski producent nadruk\u00f3w, odzie\u017cy i gad\u017cet\u00f3w zaprasza do wsp\u00f3\u0142pracy\",\"breadcrumb\":{\"@id\":\"https:\\\/\\\/www.wib.pl\\\/en\\\/aktualnosci\\\/#breadcrumb\"},\"inLanguage\":\"en-US\",\"potentialAction\":[{\"@type\":\"ReadAction\",\"target\":[\"https:\\\/\\\/www.wib.pl\\\/en\\\/aktualnosci\\\/\"]}]},{\"@type\":\"BreadcrumbList\",\"@id\":\"https:\\\/\\\/www.wib.pl\\\/en\\\/aktualnosci\\\/#breadcrumb\",\"itemListElement\":[{\"@type\":\"ListItem\",\"position\":1,\"name\":\"Homepage\",\"item\":\"https:\\\/\\\/www.wib.pl\\\/en\\\/\"},{\"@type\":\"ListItem\",\"position\":2,\"name\":\"Aktualno\u015bci\"}]},{\"@type\":\"WebSite\",\"@id\":\"https:\\\/\\\/www.wib.pl\\\/en\\\/#website\",\"url\":\"https:\\\/\\\/www.wib.pl\\\/en\\\/\",\"name\":\"Manufacturer of printed advertising gadgets - WIB from Bialystok\",\"description\":\"We are a manufacturer of printed advertising gadgets and advertising clothing. We provide a wide selection of advertising materials. We encourage you to check our offer.\",\"publisher\":{\"@id\":\"https:\\\/\\\/www.wib.pl\\\/en\\\/#organization\"},\"potentialAction\":[{\"@type\":\"SearchAction\",\"target\":{\"@type\":\"EntryPoint\",\"urlTemplate\":\"https:\\\/\\\/www.wib.pl\\\/en\\\/?s={search_term_string}\"},\"query-input\":{\"@type\":\"PropertyValueSpecification\",\"valueRequired\":true,\"valueName\":\"search_term_string\"}}],\"inLanguage\":\"en-US\"},{\"@type\":\"Organization\",\"@id\":\"https:\\\/\\\/www.wib.pl\\\/en\\\/#organization\",\"name\":\"Manufacturer of printed advertising gadgets - WIB from Bialystok\",\"url\":\"https:\\\/\\\/www.wib.pl\\\/en\\\/\",\"logo\":{\"@type\":\"ImageObject\",\"inLanguage\":\"en-US\",\"@id\":\"https:\\\/\\\/www.wib.pl\\\/en\\\/#\\\/schema\\\/logo\\\/image\\\/\",\"url\":\"https:\\\/\\\/www.wib.pl\\\/en\\\/wp-content\\\/uploads\\\/sites\\\/2\\\/2025\\\/02\\\/cropped-wib_logo.webp\",\"contentUrl\":\"https:\\\/\\\/www.wib.pl\\\/en\\\/wp-content\\\/uploads\\\/sites\\\/2\\\/2025\\\/02\\\/cropped-wib_logo.webp\",\"width\":512,\"height\":512,\"caption\":\"Manufacturer of printed advertising gadgets - WIB from Bialystok\"},\"image\":{\"@id\":\"https:\\\/\\\/www.wib.pl\\\/en\\\/#\\\/schema\\\/logo\\\/image\\\/\"}}]}<\/script>\n<!-- \/ Yoast SEO Premium plugin. -->","yoast_head_json":{"title":"Aktualno\u015bci \u2013 poznaj najnowsze wiadomo\u015bci z \u017cycia firmy WIB","description":"Zapraszamy do \u015bledzenia Aktualno\u015bci, z kt\u00f3rych dowiesz si\u0119, co aktualnie dzieje si\u0119 w naszej firmie. Polski producent nadruk\u00f3w, odzie\u017cy i gad\u017cet\u00f3w zaprasza do wsp\u00f3\u0142pracy","robots":{"index":"index","follow":"follow","max-snippet":"max-snippet:-1","max-image-preview":"max-image-preview:large","max-video-preview":"max-video-preview:-1"},"canonical":"https:\/\/www.wib.pl\/en\/aktualnosci\/","og_locale":"en_US","og_type":"article","og_title":"Aktualno\u015bci","og_description":"Zapraszamy do \u015bledzenia Aktualno\u015bci, z kt\u00f3rych dowiesz si\u0119, co aktualnie dzieje si\u0119 w naszej firmie. Polski producent nadruk\u00f3w, odzie\u017cy i gad\u017cet\u00f3w zaprasza do wsp\u00f3\u0142pracy","og_url":"https:\/\/www.wib.pl\/en\/aktualnosci\/","og_site_name":"Manufacturer of printed advertising gadgets - WIB from Bialystok","og_image":[{"width":512,"height":512,"url":"https:\/\/www.wib.pl\/en\/wp-content\/uploads\/sites\/2\/2025\/02\/cropped-wib_logo.webp","type":"image\/webp"}],"twitter_card":"summary_large_image","twitter_misc":{"Est. reading time":"1 minute"},"schema":{"@context":"https:\/\/schema.org","@graph":[{"@type":"WebPage","@id":"https:\/\/www.wib.pl\/en\/aktualnosci\/","url":"https:\/\/www.wib.pl\/en\/aktualnosci\/","name":"Aktualno\u015bci \u2013 poznaj najnowsze wiadomo\u015bci z \u017cycia firmy WIB","isPartOf":{"@id":"https:\/\/www.wib.pl\/en\/#website"},"datePublished":"2023-02-27T18:56:21+00:00","description":"Zapraszamy do \u015bledzenia Aktualno\u015bci, z kt\u00f3rych dowiesz si\u0119, co aktualnie dzieje si\u0119 w naszej firmie. Polski producent nadruk\u00f3w, odzie\u017cy i gad\u017cet\u00f3w zaprasza do wsp\u00f3\u0142pracy","breadcrumb":{"@id":"https:\/\/www.wib.pl\/en\/aktualnosci\/#breadcrumb"},"inLanguage":"en-US","potentialAction":[{"@type":"ReadAction","target":["https:\/\/www.wib.pl\/en\/aktualnosci\/"]}]},{"@type":"BreadcrumbList","@id":"https:\/\/www.wib.pl\/en\/aktualnosci\/#breadcrumb","itemListElement":[{"@type":"ListItem","position":1,"name":"Homepage","item":"https:\/\/www.wib.pl\/en\/"},{"@type":"ListItem","position":2,"name":"Aktualno\u015bci"}]},{"@type":"WebSite","@id":"https:\/\/www.wib.pl\/en\/#website","url":"https:\/\/www.wib.pl\/en\/","name":"Manufacturer of printed advertising gadgets - WIB from Bialystok","description":"We are a manufacturer of printed advertising gadgets and advertising clothing. We provide a wide selection of advertising materials. We encourage you to check our offer.","publisher":{"@id":"https:\/\/www.wib.pl\/en\/#organization"},"potentialAction":[{"@type":"SearchAction","target":{"@type":"EntryPoint","urlTemplate":"https:\/\/www.wib.pl\/en\/?s={search_term_string}"},"query-input":{"@type":"PropertyValueSpecification","valueRequired":true,"valueName":"search_term_string"}}],"inLanguage":"en-US"},{"@type":"Organization","@id":"https:\/\/www.wib.pl\/en\/#organization","name":"Manufacturer of printed advertising gadgets - WIB from Bialystok","url":"https:\/\/www.wib.pl\/en\/","logo":{"@type":"ImageObject","inLanguage":"en-US","@id":"https:\/\/www.wib.pl\/en\/#\/schema\/logo\/image\/","url":"https:\/\/www.wib.pl\/en\/wp-content\/uploads\/sites\/2\/2025\/02\/cropped-wib_logo.webp","contentUrl":"https:\/\/www.wib.pl\/en\/wp-content\/uploads\/sites\/2\/2025\/02\/cropped-wib_logo.webp","width":512,"height":512,"caption":"Manufacturer of printed advertising gadgets - WIB from Bialystok"},"image":{"@id":"https:\/\/www.wib.pl\/en\/#\/schema\/logo\/image\/"}}]}},"_links":{"self":[{"href":"https:\/\/www.wib.pl\/en\/wp-json\/wp\/v2\/pages\/82409","targetHints":{"allow":["GET"]}}],"collection":[{"href":"https:\/\/www.wib.pl\/en\/wp-json\/wp\/v2\/pages"}],"about":[{"href":"https:\/\/www.wib.pl\/en\/wp-json\/wp\/v2\/types\/page"}],"author":[{"embeddable":true,"href":"https:\/\/www.wib.pl\/en\/wp-json\/wp\/v2\/users\/1"}],"replies":[{"embeddable":true,"href":"https:\/\/www.wib.pl\/en\/wp-json\/wp\/v2\/comments?post=82409"}],"version-history":[{"count":0,"href":"https:\/\/www.wib.pl\/en\/wp-json\/wp\/v2\/pages\/82409\/revisions"}],"wp:attachment":[{"href":"https:\/\/www.wib.pl\/en\/wp-json\/wp\/v2\/media?parent=82409"}],"curies":[{"name":"wp","href":"https:\/\/api.w.org\/{rel}","templated":true}]}}