{"id":83203,"date":"2025-01-27T18:41:42","date_gmt":"2025-01-27T18:41:42","guid":{"rendered":"https:\/\/www.wib.pl\/?page_id=83203"},"modified":"2025-01-27T18:41:42","modified_gmt":"2025-01-27T18:41:42","slug":"sitodruk","status":"publish","type":"page","link":"https:\/\/www.wib.pl\/en\/sitodruk\/","title":{"rendered":"Sitodruk"},"content":{"rendered":"<div class=\"wpb-content-wrapper\"><p>[vc_row full_width=&#8221;stretch_row&#8221; woodmart_stretch_content=&#8221;section-stretch&#8221; css=&#8221;.vc_custom_1738004613360{padding-bottom: 40px !important;}&#8221; woodmart_css_id=&#8221;6797d8824ff15&#8243; responsive_spacing=&#8221;eyJwYXJhbV90eXBlIjoid29vZG1hcnRfcmVzcG9uc2l2ZV9zcGFjaW5nIiwic2VsZWN0b3JfaWQiOiI2Nzk3ZDg4MjRmZjE1Iiwic2hvcnRjb2RlIjoidmNfcm93IiwiZGF0YSI6eyJ0YWJsZXQiOnt9LCJtb2JpbGUiOnt9fX0=&#8221; mobile_bg_img_hidden=&#8221;no&#8221; tablet_bg_img_hidden=&#8221;no&#8221; woodmart_parallax=&#8221;0&#8243; woodmart_gradient_switch=&#8221;no&#8221; woodmart_box_shadow=&#8221;no&#8221; wd_z_index=&#8221;no&#8221; woodmart_disable_overflow=&#8221;0&#8243; row_reverse_mobile=&#8221;0&#8243; row_reverse_tablet=&#8221;0&#8243;][vc_column][vc_raw_html css=&#8221;&#8221; el_class=&#8221;okruszki_style&#8221;]JTVCd3BzZW9fYnJlYWRjcnVtYiU1RA==[\/vc_raw_html][\/vc_column][\/vc_row][vc_row css=&#8221;.vc_custom_1738004650669{margin-bottom: 50px !important;}&#8221; woodmart_css_id=&#8221;6797d8a0ed5bb&#8221; responsive_spacing=&#8221;eyJwYXJhbV90eXBlIjoid29vZG1hcnRfcmVzcG9uc2l2ZV9zcGFjaW5nIiwic2VsZWN0b3JfaWQiOiI2Nzk3ZDhhMGVkNWJiIiwic2hvcnRjb2RlIjoidmNfcm93IiwiZGF0YSI6eyJ0YWJsZXQiOnt9LCJtb2JpbGUiOnt9fX0=&#8221; mobile_bg_img_hidden=&#8221;no&#8221; tablet_bg_img_hidden=&#8221;no&#8221; woodmart_parallax=&#8221;0&#8243; woodmart_gradient_switch=&#8221;no&#8221; woodmart_box_shadow=&#8221;no&#8221; wd_z_index=&#8221;no&#8221; woodmart_disable_overflow=&#8221;0&#8243; row_reverse_mobile=&#8221;0&#8243; row_reverse_tablet=&#8221;0&#8243; el_class=&#8221;containter_100px&#8221;][vc_column width=&#8221;1\/2&#8243;]\t\t<div id=\"wd-6797d84f346ee\" class=\"wd-image wd-wpb wd-rs-6797d84f346ee text-left \">\n\t\t\t\n\t\t\t\n\t\t\t\t\t<\/div>\n\t\t[\/vc_column][vc_column width=&#8221;1\/2&#8243;]\n\t\t<div id=\"wd-6797d7b2067a2\" class=\"title-wrapper wd-wpb wd-set-mb reset-last-child  wd-rs-6797d7b2067a2 wd-title-color-default wd-title-style-default text-left vc_custom_1738004411835 wd-underline-colored\">\n\t\t\t\n\t\t\t<div class=\"liner-continer\">\n\t\t\t\t<h2 class=\"woodmart-title-container title  wd-font-weight-700 wd-fontsize-l\" >NADRUKI W TECHNOLOGII SITODRUKU<\/h2>\n\t\t\t\t\t\t\t<\/div>\n\t\t\t\n\t\t\t\n\t\t\t\n\t\t<\/div>\n\t\t\n\t\t\t\t<div id=\"wd-6797d7be75883\" class=\"wd-text-block wd-wpb reset-last-child wd-rs-6797d7be75883 text-left wd-font-weight-400 wd-fontsize-custom font-primary vc_custom_1738004425083\">\n\t\t\t<p>Mamy du\u017ce do\u015bwiadczenie w zakresie produkcji\u00a0<strong>nadruk\u00f3w w technologii sitodruku<\/strong>. Od ponad 20 lat stanowi\u0105 one domen\u0119 naszej firmy. Specjalizujemy si\u0119 w nadrukach wielokolorowych (full kolor).\u00a0Wykorzystywana technologia pozwala na nadruki do wymiar\u00f3w 68 cm na 86 cm. U\u017cywamy najwy\u017cszej jako\u015bci farb plastizolowych i wodnych.\u00a0<strong>Podczas uszlachetniania nadruk\u00f3w w technologii sitodruku stosujemy niesamowite efekty<\/strong>, m.in. efekt z\u0142ota, srebra, a tak\u017ce brokatu. Ka\u017cdy z nich prezentuje si\u0119 doskonale i przyci\u0105ga spojrzenie, dlatego tak wiele os\u00f3b decyduje si\u0119 na ich wyb\u00f3r. Jeste\u015bmy w stanie wykona\u0107 r\u00f3wnie\u017c efekty nadruk\u00f3w wypuk\u0142ych: HD, sponge, \u017cel itd. Ca\u0142y czas pod\u0105\u017camy za nowinkami technicznymi i trendami rynkowymi \u2013 nasze nadruki mog\u0105 by\u0107 odblaskowe, \u015bwiec\u0105ce w\u00a0 \u015bwietle UV lub ciemno\u015bci, a tak\u017ce mog\u0105 zmienia\u0107 barwy zale\u017cnie od temperatury lub nas\u0142onecznienia.<\/p>\n\t\t<\/div>\n\t\t[\/vc_column][\/vc_row][vc_row el_class=&#8221;containter_100px&#8221; woodmart_css_id=&#8221;6797d7d0bcc92&#8243; responsive_spacing=&#8221;eyJwYXJhbV90eXBlIjoid29vZG1hcnRfcmVzcG9uc2l2ZV9zcGFjaW5nIiwic2VsZWN0b3JfaWQiOiI2Nzk3ZDdkMGJjYzkyIiwic2hvcnRjb2RlIjoidmNfcm93IiwiZGF0YSI6eyJ0YWJsZXQiOnt9LCJtb2JpbGUiOnt9fX0=&#8221; mobile_bg_img_hidden=&#8221;no&#8221; tablet_bg_img_hidden=&#8221;no&#8221; woodmart_parallax=&#8221;0&#8243; woodmart_gradient_switch=&#8221;no&#8221; woodmart_box_shadow=&#8221;no&#8221; wd_z_index=&#8221;no&#8221; woodmart_disable_overflow=&#8221;0&#8243; row_reverse_mobile=&#8221;0&#8243; row_reverse_tablet=&#8221;0&#8243; css=&#8221;.vc_custom_1738004513747{margin-bottom: 50px !important;}&#8221;][vc_column]\n\t\t<div id=\"wd-6797d8efc785f\" class=\"title-wrapper wd-wpb wd-set-mb reset-last-child  wd-rs-6797d8efc785f wd-title-color-default wd-title-style-default text-left vc_custom_1738004725926 wd-underline-colored\">\n\t\t\t\n\t\t\t<div class=\"liner-continer\">\n\t\t\t\t<h2 class=\"woodmart-title-container title  wd-font-weight-700 wd-fontsize-l\" >JAKIE S\u0104 ZALETY WYKONYWANIA NADRUK\u00d3W METODA SITODRUKU ?<\/h2>\n\t\t\t\t\t\t\t<\/div>\n\t\t\t\n\t\t\t\n\t\t\t\n\t\t<\/div>\n\t\t\n\t\t\t\t<div id=\"wd-6797d72294a30\" class=\"wd-text-block wd-wpb reset-last-child wd-rs-6797d72294a30 text-left wd-font-weight-400 wd-fontsize-custom font-primary vc_custom_1738004261815\">\n\t\t\t<p><strong>Sitodruk jest najtrwalsz\u0105, ale te\u017c najta\u0144sz\u0105 form\u0105 nadruku<\/strong>, szczeg\u00f3lnie op\u0142acaln\u0105 w przypadku wi\u0119kszych nak\u0142ad\u00f3w.\u00a0Doskonale znosi trudne i zmienne warunki pogodowe, dlatego cz\u0119sto wykorzystujemy go do wykonywania\u00a0nadruk\u00f3w na odzie\u017cy roboczej oraz turystycznej.\u00a0<a href=\"https:\/\/www.wib.pl\/odziez-reklamowa\/\">Odzie\u017c reklamowa\u00a0z nadrukiem<\/a>\u00a0wykonanym w technice sitodruku nie traci swoich walor\u00f3w w kontakcie z wod\u0105 ani promieniami UV.<\/p>\n<p><strong>Aplikacja wykonana metod\u0105 sitodruku mo\u017ce by\u0107 jednokolorowa lub wielokolorowa<\/strong>, przy czym warto pami\u0119ta\u0107, \u017ce ka\u017cdy kolejny kolor w projekcie b\u0119dzie powodowa\u0142 zwi\u0119kszenie kosztu realizacji zlecenia. Mo\u017cna natomiast bez przeszk\u00f3d zmienia\u0107 kolory koszulek i nie wp\u0142ywa to na cen\u0119. Drukowane ubrania z ciekawym motywem lub napisem okazuj\u0105 si\u0119 idealne do noszenia na co dzie\u0144, ale s\u0105 te\u017c \u015bwietnym no\u015bnikiem reklamowym dla firm. Zapraszamy do kontaktu w celu ustalenia szczeg\u00f3\u0142\u00f3w wsp\u00f3\u0142pracy i dok\u0142adnego zapoznania si\u0119 z nasz\u0105 ofert\u0105.<\/p>\n\t\t<\/div>\n\t\t[\/vc_column][\/vc_row][vc_row el_class=&#8221;containter_100px&#8221; woodmart_css_id=&#8221;6797d82450a5f&#8221; responsive_spacing=&#8221;eyJwYXJhbV90eXBlIjoid29vZG1hcnRfcmVzcG9uc2l2ZV9zcGFjaW5nIiwic2VsZWN0b3JfaWQiOiI2Nzk3ZDgyNDUwYTVmIiwic2hvcnRjb2RlIjoidmNfcm93IiwiZGF0YSI6eyJ0YWJsZXQiOnt9LCJtb2JpbGUiOnt9fX0=&#8221; mobile_bg_img_hidden=&#8221;no&#8221; tablet_bg_img_hidden=&#8221;no&#8221; woodmart_parallax=&#8221;0&#8243; woodmart_gradient_switch=&#8221;no&#8221; woodmart_box_shadow=&#8221;no&#8221; wd_z_index=&#8221;no&#8221; woodmart_disable_overflow=&#8221;0&#8243; row_reverse_mobile=&#8221;0&#8243; row_reverse_tablet=&#8221;0&#8243; css=&#8221;.vc_custom_1738004520996{margin-bottom: 50px !important;}&#8221;][vc_column]\n\t\t<div id=\"wd-6797d8f95d7ff\" class=\"title-wrapper wd-wpb wd-set-mb reset-last-child  wd-rs-6797d8f95d7ff wd-title-color-default wd-title-style-default text-left vc_custom_1738004732666 wd-underline-colored\">\n\t\t\t\n\t\t\t<div class=\"liner-continer\">\n\t\t\t\t<h2 class=\"woodmart-title-container title  wd-font-weight-700 wd-fontsize-l\" >JAK WYGL\u0104DA ZNAKOWANIE ZA POMOC\u0104 SITODRUKU ?<\/h2>\n\t\t\t\t\t\t\t<\/div>\n\t\t\t\n\t\t\t\n\t\t\t\n\t\t<\/div>\n\t\t\n\t\t\t\t<div id=\"wd-6797d75a6cbb3\" class=\"wd-text-block wd-wpb reset-last-child wd-rs-6797d75a6cbb3 text-left wd-font-weight-400 wd-fontsize-custom font-primary vc_custom_1738004318385\">\n\t\t\t<p>Dawniej proces sitodruku wykonywany by\u0142 za pomoc\u0105 prasy, kt\u00f3r\u0105 obs\u0142ugiwano r\u0119cznie. P\u00f3\u017aniej nast\u0105pi\u0142o zautomatyzowanie tej czynno\u015bci.\u00a0<strong>Obecnie do znakowania odzie\u017cy i innych produkt\u00f3w metod\u0105 sitodruku stosuje si\u0119 specjalne maszyny<\/strong>, tzw. karuzele. Posiadaj\u0105 one hydrauliczn\u0105 pras\u0119 s\u0142u\u017c\u0105c\u0105 do wt\u0142aczania barwnika. Urz\u0105dzenia pozwalaj\u0105 na szybkie wykonywanie wszystkich projekt\u00f3w. Przed przyst\u0105pieniem do znakowania przygotowujemy odpowiedni\u0105 matryc\u0119, na kt\u00f3rej umieszczamy szablon nadruku. Tworzenie nadruku polega na wt\u0142aczaniu farby w materia\u0142 przy pomocy odpowiednich pras sitodrukowych.<\/p>\n\t\t<\/div>\n\t\t[\/vc_column][\/vc_row]<\/p>\n<\/div>","protected":false},"excerpt":{"rendered":"<p>[vc_row full_width=&#8221;stretch_row&#8221; woodmart_stretch_content=&#8221;section-stretch&#8221; css=&#8221;.vc_custom_1738004613360{padding-bottom: 40px !important;}&#8221; woodmart_css_id=&#8221;6797d8824ff15&#8243; responsive_spacing=&#8221;eyJwYXJhbV90eXBlIjoid29vZG1hcnRfcmVzcG9uc2l2ZV9zcGFjaW5nIiwic2VsZWN0b3JfaWQiOiI2Nzk3ZDg4MjRmZjE1Iiwic2hvcnRjb2RlIjoidmNfcm93IiwiZGF0YSI6eyJ0YWJsZXQiOnt9LCJtb2JpbGUiOnt9fX0=&#8221; mobile_bg_img_hidden=&#8221;no&#8221; tablet_bg_img_hidden=&#8221;no&#8221; woodmart_parallax=&#8221;0&#8243; woodmart_gradient_switch=&#8221;no&#8221; woodmart_box_shadow=&#8221;no&#8221; wd_z_index=&#8221;no&#8221; woodmart_disable_overflow=&#8221;0&#8243; row_reverse_mobile=&#8221;0&#8243; row_reverse_tablet=&#8221;0&#8243;][vc_column][vc_raw_html css=&#8221;&#8221; el_class=&#8221;okruszki_style&#8221;]JTVCd3BzZW9fYnJlYWRjcnVtYiU1RA==[\/vc_raw_html][\/vc_column][\/vc_row][vc_row css=&#8221;.vc_custom_1738004650669{margin-bottom:<\/p>\n","protected":false},"author":1,"featured_media":0,"parent":0,"menu_order":0,"comment_status":"closed","ping_status":"closed","template":"","meta":{"footnotes":""},"class_list":["post-83203","page","type-page","status-publish","hentry"],"yoast_head":"<!-- This site is optimized with the Yoast SEO Premium plugin v24.3 (Yoast SEO v27.4) - https:\/\/yoast.com\/product\/yoast-seo-premium-wordpress\/ -->\n<title>Sitodruk | Manufacturer of printed advertising gadgets - WIB from Bialystok<\/title>\n<meta name=\"robots\" content=\"index, follow, max-snippet:-1, max-image-preview:large, max-video-preview:-1\" \/>\n<link rel=\"canonical\" href=\"https:\/\/www.wib.pl\/en\/sitodruk\/\" \/>\n<meta property=\"og:locale\" content=\"en_US\" \/>\n<meta property=\"og:type\" content=\"article\" \/>\n<meta property=\"og:title\" content=\"Sitodruk\" \/>\n<meta property=\"og:description\" content=\"[vc_row full_width=&#8221;stretch_row&#8221; woodmart_stretch_content=&#8221;section-stretch&#8221; css=&#8221;.vc_custom_1738004613360{padding-bottom: 40px !important;}&#8221; woodmart_css_id=&#8221;6797d8824ff15&#8243; responsive_spacing=&#8221;eyJwYXJhbV90eXBlIjoid29vZG1hcnRfcmVzcG9uc2l2ZV9zcGFjaW5nIiwic2VsZWN0b3JfaWQiOiI2Nzk3ZDg4MjRmZjE1Iiwic2hvcnRjb2RlIjoidmNfcm93IiwiZGF0YSI6eyJ0YWJsZXQiOnt9LCJtb2JpbGUiOnt9fX0=&#8221; mobile_bg_img_hidden=&#8221;no&#8221; tablet_bg_img_hidden=&#8221;no&#8221; woodmart_parallax=&#8221;0&#8243; woodmart_gradient_switch=&#8221;no&#8221; woodmart_box_shadow=&#8221;no&#8221; wd_z_index=&#8221;no&#8221; woodmart_disable_overflow=&#8221;0&#8243; row_reverse_mobile=&#8221;0&#8243; row_reverse_tablet=&#8221;0&#8243;][vc_column][vc_raw_html css=&#8221;&#8221; el_class=&#8221;okruszki_style&#8221;]JTVCd3BzZW9fYnJlYWRjcnVtYiU1RA==[\/vc_raw_html][\/vc_column][\/vc_row][vc_row css=&#8221;.vc_custom_1738004650669{margin-bottom:\" \/>\n<meta property=\"og:url\" content=\"https:\/\/www.wib.pl\/en\/sitodruk\/\" \/>\n<meta property=\"og:site_name\" content=\"Manufacturer of printed advertising gadgets - WIB from Bialystok\" \/>\n<meta property=\"og:image\" content=\"https:\/\/www.wib.pl\/en\/wp-content\/uploads\/sites\/2\/2025\/02\/cropped-wib_logo.webp\" \/>\n\t<meta property=\"og:image:width\" content=\"512\" \/>\n\t<meta property=\"og:image:height\" content=\"512\" \/>\n\t<meta property=\"og:image:type\" content=\"image\/webp\" \/>\n<meta name=\"twitter:card\" content=\"summary_large_image\" \/>\n<meta name=\"twitter:label1\" content=\"Est. reading time\" \/>\n\t<meta name=\"twitter:data1\" content=\"4 minutes\" \/>\n<script type=\"application\/ld+json\" class=\"yoast-schema-graph\">{\"@context\":\"https:\\\/\\\/schema.org\",\"@graph\":[{\"@type\":\"WebPage\",\"@id\":\"https:\\\/\\\/www.wib.pl\\\/en\\\/sitodruk\\\/\",\"url\":\"https:\\\/\\\/www.wib.pl\\\/en\\\/sitodruk\\\/\",\"name\":\"Sitodruk | Manufacturer of printed advertising gadgets - WIB from Bialystok\",\"isPartOf\":{\"@id\":\"https:\\\/\\\/www.wib.pl\\\/en\\\/#website\"},\"datePublished\":\"2025-01-27T18:41:42+00:00\",\"breadcrumb\":{\"@id\":\"https:\\\/\\\/www.wib.pl\\\/en\\\/sitodruk\\\/#breadcrumb\"},\"inLanguage\":\"en-US\",\"potentialAction\":[{\"@type\":\"ReadAction\",\"target\":[\"https:\\\/\\\/www.wib.pl\\\/en\\\/sitodruk\\\/\"]}]},{\"@type\":\"BreadcrumbList\",\"@id\":\"https:\\\/\\\/www.wib.pl\\\/en\\\/sitodruk\\\/#breadcrumb\",\"itemListElement\":[{\"@type\":\"ListItem\",\"position\":1,\"name\":\"Homepage\",\"item\":\"https:\\\/\\\/www.wib.pl\\\/en\\\/\"},{\"@type\":\"ListItem\",\"position\":2,\"name\":\"Sitodruk\"}]},{\"@type\":\"WebSite\",\"@id\":\"https:\\\/\\\/www.wib.pl\\\/en\\\/#website\",\"url\":\"https:\\\/\\\/www.wib.pl\\\/en\\\/\",\"name\":\"Manufacturer of printed advertising gadgets - WIB from Bialystok\",\"description\":\"We are a manufacturer of printed advertising gadgets and advertising clothing. We provide a wide selection of advertising materials. We encourage you to check our offer.\",\"publisher\":{\"@id\":\"https:\\\/\\\/www.wib.pl\\\/en\\\/#organization\"},\"potentialAction\":[{\"@type\":\"SearchAction\",\"target\":{\"@type\":\"EntryPoint\",\"urlTemplate\":\"https:\\\/\\\/www.wib.pl\\\/en\\\/?s={search_term_string}\"},\"query-input\":{\"@type\":\"PropertyValueSpecification\",\"valueRequired\":true,\"valueName\":\"search_term_string\"}}],\"inLanguage\":\"en-US\"},{\"@type\":\"Organization\",\"@id\":\"https:\\\/\\\/www.wib.pl\\\/en\\\/#organization\",\"name\":\"Manufacturer of printed advertising gadgets - WIB from Bialystok\",\"url\":\"https:\\\/\\\/www.wib.pl\\\/en\\\/\",\"logo\":{\"@type\":\"ImageObject\",\"inLanguage\":\"en-US\",\"@id\":\"https:\\\/\\\/www.wib.pl\\\/en\\\/#\\\/schema\\\/logo\\\/image\\\/\",\"url\":\"https:\\\/\\\/www.wib.pl\\\/en\\\/wp-content\\\/uploads\\\/sites\\\/2\\\/2025\\\/02\\\/cropped-wib_logo.webp\",\"contentUrl\":\"https:\\\/\\\/www.wib.pl\\\/en\\\/wp-content\\\/uploads\\\/sites\\\/2\\\/2025\\\/02\\\/cropped-wib_logo.webp\",\"width\":512,\"height\":512,\"caption\":\"Manufacturer of printed advertising gadgets - WIB from Bialystok\"},\"image\":{\"@id\":\"https:\\\/\\\/www.wib.pl\\\/en\\\/#\\\/schema\\\/logo\\\/image\\\/\"}}]}<\/script>\n<!-- \/ Yoast SEO Premium plugin. -->","yoast_head_json":{"title":"Sitodruk | Manufacturer of printed advertising gadgets - WIB from Bialystok","robots":{"index":"index","follow":"follow","max-snippet":"max-snippet:-1","max-image-preview":"max-image-preview:large","max-video-preview":"max-video-preview:-1"},"canonical":"https:\/\/www.wib.pl\/en\/sitodruk\/","og_locale":"en_US","og_type":"article","og_title":"Sitodruk","og_description":"[vc_row full_width=&#8221;stretch_row&#8221; woodmart_stretch_content=&#8221;section-stretch&#8221; css=&#8221;.vc_custom_1738004613360{padding-bottom: 40px !important;}&#8221; woodmart_css_id=&#8221;6797d8824ff15&#8243; responsive_spacing=&#8221;eyJwYXJhbV90eXBlIjoid29vZG1hcnRfcmVzcG9uc2l2ZV9zcGFjaW5nIiwic2VsZWN0b3JfaWQiOiI2Nzk3ZDg4MjRmZjE1Iiwic2hvcnRjb2RlIjoidmNfcm93IiwiZGF0YSI6eyJ0YWJsZXQiOnt9LCJtb2JpbGUiOnt9fX0=&#8221; mobile_bg_img_hidden=&#8221;no&#8221; tablet_bg_img_hidden=&#8221;no&#8221; woodmart_parallax=&#8221;0&#8243; woodmart_gradient_switch=&#8221;no&#8221; woodmart_box_shadow=&#8221;no&#8221; wd_z_index=&#8221;no&#8221; woodmart_disable_overflow=&#8221;0&#8243; row_reverse_mobile=&#8221;0&#8243; row_reverse_tablet=&#8221;0&#8243;][vc_column][vc_raw_html css=&#8221;&#8221; el_class=&#8221;okruszki_style&#8221;]JTVCd3BzZW9fYnJlYWRjcnVtYiU1RA==[\/vc_raw_html][\/vc_column][\/vc_row][vc_row css=&#8221;.vc_custom_1738004650669{margin-bottom:","og_url":"https:\/\/www.wib.pl\/en\/sitodruk\/","og_site_name":"Manufacturer of printed advertising gadgets - WIB from Bialystok","og_image":[{"width":512,"height":512,"url":"https:\/\/www.wib.pl\/en\/wp-content\/uploads\/sites\/2\/2025\/02\/cropped-wib_logo.webp","type":"image\/webp"}],"twitter_card":"summary_large_image","twitter_misc":{"Est. reading time":"4 minutes"},"schema":{"@context":"https:\/\/schema.org","@graph":[{"@type":"WebPage","@id":"https:\/\/www.wib.pl\/en\/sitodruk\/","url":"https:\/\/www.wib.pl\/en\/sitodruk\/","name":"Sitodruk | Manufacturer of printed advertising gadgets - WIB from Bialystok","isPartOf":{"@id":"https:\/\/www.wib.pl\/en\/#website"},"datePublished":"2025-01-27T18:41:42+00:00","breadcrumb":{"@id":"https:\/\/www.wib.pl\/en\/sitodruk\/#breadcrumb"},"inLanguage":"en-US","potentialAction":[{"@type":"ReadAction","target":["https:\/\/www.wib.pl\/en\/sitodruk\/"]}]},{"@type":"BreadcrumbList","@id":"https:\/\/www.wib.pl\/en\/sitodruk\/#breadcrumb","itemListElement":[{"@type":"ListItem","position":1,"name":"Homepage","item":"https:\/\/www.wib.pl\/en\/"},{"@type":"ListItem","position":2,"name":"Sitodruk"}]},{"@type":"WebSite","@id":"https:\/\/www.wib.pl\/en\/#website","url":"https:\/\/www.wib.pl\/en\/","name":"Manufacturer of printed advertising gadgets - WIB from Bialystok","description":"We are a manufacturer of printed advertising gadgets and advertising clothing. We provide a wide selection of advertising materials. We encourage you to check our offer.","publisher":{"@id":"https:\/\/www.wib.pl\/en\/#organization"},"potentialAction":[{"@type":"SearchAction","target":{"@type":"EntryPoint","urlTemplate":"https:\/\/www.wib.pl\/en\/?s={search_term_string}"},"query-input":{"@type":"PropertyValueSpecification","valueRequired":true,"valueName":"search_term_string"}}],"inLanguage":"en-US"},{"@type":"Organization","@id":"https:\/\/www.wib.pl\/en\/#organization","name":"Manufacturer of printed advertising gadgets - WIB from Bialystok","url":"https:\/\/www.wib.pl\/en\/","logo":{"@type":"ImageObject","inLanguage":"en-US","@id":"https:\/\/www.wib.pl\/en\/#\/schema\/logo\/image\/","url":"https:\/\/www.wib.pl\/en\/wp-content\/uploads\/sites\/2\/2025\/02\/cropped-wib_logo.webp","contentUrl":"https:\/\/www.wib.pl\/en\/wp-content\/uploads\/sites\/2\/2025\/02\/cropped-wib_logo.webp","width":512,"height":512,"caption":"Manufacturer of printed advertising gadgets - WIB from Bialystok"},"image":{"@id":"https:\/\/www.wib.pl\/en\/#\/schema\/logo\/image\/"}}]}},"_links":{"self":[{"href":"https:\/\/www.wib.pl\/en\/wp-json\/wp\/v2\/pages\/83203","targetHints":{"allow":["GET"]}}],"collection":[{"href":"https:\/\/www.wib.pl\/en\/wp-json\/wp\/v2\/pages"}],"about":[{"href":"https:\/\/www.wib.pl\/en\/wp-json\/wp\/v2\/types\/page"}],"author":[{"embeddable":true,"href":"https:\/\/www.wib.pl\/en\/wp-json\/wp\/v2\/users\/1"}],"replies":[{"embeddable":true,"href":"https:\/\/www.wib.pl\/en\/wp-json\/wp\/v2\/comments?post=83203"}],"version-history":[{"count":0,"href":"https:\/\/www.wib.pl\/en\/wp-json\/wp\/v2\/pages\/83203\/revisions"}],"wp:attachment":[{"href":"https:\/\/www.wib.pl\/en\/wp-json\/wp\/v2\/media?parent=83203"}],"curies":[{"name":"wp","href":"https:\/\/api.w.org\/{rel}","templated":true}]}}