{"id":83216,"date":"2025-01-27T19:19:38","date_gmt":"2025-01-27T19:19:38","guid":{"rendered":"https:\/\/www.wib.pl\/?page_id=83216"},"modified":"2025-01-27T19:19:38","modified_gmt":"2025-01-27T19:19:38","slug":"dtg-druk-cyfrowy","status":"publish","type":"page","link":"https:\/\/www.wib.pl\/en\/dtg-druk-cyfrowy\/","title":{"rendered":"DTG &#8211; Druk Cyfrowy"},"content":{"rendered":"<div class=\"wpb-content-wrapper\"><p>[vc_row full_width=&#8221;stretch_row&#8221; woodmart_stretch_content=&#8221;section-stretch&#8221; css=&#8221;.vc_custom_1738004613360{padding-bottom: 40px !important;}&#8221; woodmart_css_id=&#8221;6797d8824ff15&#8243; responsive_spacing=&#8221;eyJwYXJhbV90eXBlIjoid29vZG1hcnRfcmVzcG9uc2l2ZV9zcGFjaW5nIiwic2VsZWN0b3JfaWQiOiI2Nzk3ZDg4MjRmZjE1Iiwic2hvcnRjb2RlIjoidmNfcm93IiwiZGF0YSI6eyJ0YWJsZXQiOnt9LCJtb2JpbGUiOnt9fX0=&#8221; mobile_bg_img_hidden=&#8221;no&#8221; tablet_bg_img_hidden=&#8221;no&#8221; woodmart_parallax=&#8221;0&#8243; woodmart_gradient_switch=&#8221;no&#8221; woodmart_box_shadow=&#8221;no&#8221; wd_z_index=&#8221;no&#8221; woodmart_disable_overflow=&#8221;0&#8243; row_reverse_mobile=&#8221;0&#8243; row_reverse_tablet=&#8221;0&#8243;][vc_column][vc_raw_html css=&#8221;&#8221; el_class=&#8221;okruszki_style&#8221;]JTVCd3BzZW9fYnJlYWRjcnVtYiU1RA==[\/vc_raw_html][\/vc_column][\/vc_row][vc_row css=&#8221;.vc_custom_1738004650669{margin-bottom: 50px !important;}&#8221; woodmart_css_id=&#8221;6797d8a0ed5bb&#8221; responsive_spacing=&#8221;eyJwYXJhbV90eXBlIjoid29vZG1hcnRfcmVzcG9uc2l2ZV9zcGFjaW5nIiwic2VsZWN0b3JfaWQiOiI2Nzk3ZDhhMGVkNWJiIiwic2hvcnRjb2RlIjoidmNfcm93IiwiZGF0YSI6eyJ0YWJsZXQiOnt9LCJtb2JpbGUiOnt9fX0=&#8221; mobile_bg_img_hidden=&#8221;no&#8221; tablet_bg_img_hidden=&#8221;no&#8221; woodmart_parallax=&#8221;0&#8243; woodmart_gradient_switch=&#8221;no&#8221; woodmart_box_shadow=&#8221;no&#8221; wd_z_index=&#8221;no&#8221; woodmart_disable_overflow=&#8221;0&#8243; row_reverse_mobile=&#8221;0&#8243; row_reverse_tablet=&#8221;0&#8243; el_class=&#8221;containter_100px&#8221;][vc_column width=&#8221;1\/2&#8243;]\t\t<div id=\"wd-6797dc766a55a\" class=\"wd-image wd-wpb wd-rs-6797dc766a55a text-left \">\n\t\t\t\n\t\t\t\n\t\t\t\t\t<\/div>\n\t\t[\/vc_column][vc_column width=&#8221;1\/2&#8243;]\n\t\t<div id=\"wd-6797dc63818fe\" class=\"title-wrapper wd-wpb wd-set-mb reset-last-child  wd-rs-6797dc63818fe wd-title-color-default wd-title-style-default text-left vc_custom_1738005611790 wd-underline-colored\">\n\t\t\t\n\t\t\t<div class=\"liner-continer\">\n\t\t\t\t<h2 class=\"woodmart-title-container title  wd-font-weight-700 wd-fontsize-l\" >DTG - DRUK CYFROWY<\/h2>\n\t\t\t\t\t\t\t<\/div>\n\t\t\t\n\t\t\t\n\t\t\t\n\t\t<\/div>\n\t\t\n\t\t\t\t<div id=\"wd-6797dc7161f91\" class=\"wd-text-block wd-wpb reset-last-child wd-rs-6797dc7161f91 text-left wd-font-weight-400 wd-fontsize-custom font-primary vc_custom_1738005619607\">\n\t\t\t<p>Jest to metoda druku cyfrowego inaczej druk bezpos\u0301redni. Dzie\u0328ki DTG moz\u0307na produkowac\u0301 nadruki w ma\u0142ym nak\u0142adzie. Metoda ta polecana jest klientom, kto\u0301rych zlecenia posiadaja\u0328 wielobarwne grafiki. Proces druku polega na naniesieniu przez g\u0142owice maszyny kropelek w kolorach CMYK.\u00a0Idealnie nadaje sie\u0328 do realizacji indywidualnych projekto\u0301w.<\/p>\n\t\t<\/div>\n\t\t[\/vc_column][\/vc_row]<\/p>\n<\/div>","protected":false},"excerpt":{"rendered":"<p>[vc_row full_width=&#8221;stretch_row&#8221; woodmart_stretch_content=&#8221;section-stretch&#8221; css=&#8221;.vc_custom_1738004613360{padding-bottom: 40px !important;}&#8221; woodmart_css_id=&#8221;6797d8824ff15&#8243; responsive_spacing=&#8221;eyJwYXJhbV90eXBlIjoid29vZG1hcnRfcmVzcG9uc2l2ZV9zcGFjaW5nIiwic2VsZWN0b3JfaWQiOiI2Nzk3ZDg4MjRmZjE1Iiwic2hvcnRjb2RlIjoidmNfcm93IiwiZGF0YSI6eyJ0YWJsZXQiOnt9LCJtb2JpbGUiOnt9fX0=&#8221; mobile_bg_img_hidden=&#8221;no&#8221; tablet_bg_img_hidden=&#8221;no&#8221; woodmart_parallax=&#8221;0&#8243; woodmart_gradient_switch=&#8221;no&#8221; woodmart_box_shadow=&#8221;no&#8221; wd_z_index=&#8221;no&#8221; woodmart_disable_overflow=&#8221;0&#8243; row_reverse_mobile=&#8221;0&#8243; row_reverse_tablet=&#8221;0&#8243;][vc_column][vc_raw_html css=&#8221;&#8221; el_class=&#8221;okruszki_style&#8221;]JTVCd3BzZW9fYnJlYWRjcnVtYiU1RA==[\/vc_raw_html][\/vc_column][\/vc_row][vc_row css=&#8221;.vc_custom_1738004650669{margin-bottom:<\/p>\n","protected":false},"author":1,"featured_media":0,"parent":0,"menu_order":0,"comment_status":"closed","ping_status":"closed","template":"","meta":{"footnotes":""},"class_list":["post-83216","page","type-page","status-publish","hentry"],"yoast_head":"<!-- This site is optimized with the Yoast SEO Premium plugin v24.3 (Yoast SEO v27.3) - https:\/\/yoast.com\/product\/yoast-seo-premium-wordpress\/ -->\n<title>DTG - Druk Cyfrowy | Manufacturer of printed advertising gadgets - WIB from Bialystok<\/title>\n<meta name=\"description\" content=\"Jest to metoda druku cyfrowego inaczej druk bezpo\u015bredni. Dzi\u0119ki DTG mo\u017cna produkowa\u0107 nadruki w ma\u0142ym nak\u0142adzie. Metoda ta polecana jest klientom, kt\u00f3rych zlecenia posiadaj\u0105 wielobarwne grafiki. Proces druku polega na naniesieniu przez g\u0142owice maszyny kropelek w kolorach CMYK. Idealnie nadaje si\u0119 do realizacji indywidualnych projekt\u00f3w.\" \/>\n<meta name=\"robots\" content=\"index, follow, max-snippet:-1, max-image-preview:large, max-video-preview:-1\" \/>\n<link rel=\"canonical\" href=\"https:\/\/www.wib.pl\/en\/dtg-druk-cyfrowy\/\" \/>\n<meta property=\"og:locale\" content=\"en_US\" \/>\n<meta property=\"og:type\" content=\"article\" \/>\n<meta property=\"og:title\" content=\"DTG - Druk Cyfrowy\" \/>\n<meta property=\"og:description\" content=\"Jest to metoda druku cyfrowego inaczej druk bezpo\u015bredni. Dzi\u0119ki DTG mo\u017cna produkowa\u0107 nadruki w ma\u0142ym nak\u0142adzie. Metoda ta polecana jest klientom, kt\u00f3rych zlecenia posiadaj\u0105 wielobarwne grafiki. Proces druku polega na naniesieniu przez g\u0142owice maszyny kropelek w kolorach CMYK. Idealnie nadaje si\u0119 do realizacji indywidualnych projekt\u00f3w.\" \/>\n<meta property=\"og:url\" content=\"https:\/\/www.wib.pl\/en\/dtg-druk-cyfrowy\/\" \/>\n<meta property=\"og:site_name\" content=\"Manufacturer of printed advertising gadgets - WIB from Bialystok\" \/>\n<meta property=\"og:image\" content=\"https:\/\/www.wib.pl\/en\/wp-content\/uploads\/sites\/2\/2025\/02\/cropped-wib_logo.webp\" \/>\n\t<meta property=\"og:image:width\" content=\"512\" \/>\n\t<meta property=\"og:image:height\" content=\"512\" \/>\n\t<meta property=\"og:image:type\" content=\"image\/webp\" \/>\n<meta name=\"twitter:card\" content=\"summary_large_image\" \/>\n<meta name=\"twitter:label1\" content=\"Est. reading time\" \/>\n\t<meta name=\"twitter:data1\" content=\"1 minute\" \/>\n<script type=\"application\/ld+json\" class=\"yoast-schema-graph\">{\"@context\":\"https:\\\/\\\/schema.org\",\"@graph\":[{\"@type\":\"WebPage\",\"@id\":\"https:\\\/\\\/www.wib.pl\\\/en\\\/dtg-druk-cyfrowy\\\/\",\"url\":\"https:\\\/\\\/www.wib.pl\\\/en\\\/dtg-druk-cyfrowy\\\/\",\"name\":\"DTG - Druk Cyfrowy | Manufacturer of printed advertising gadgets - WIB from Bialystok\",\"isPartOf\":{\"@id\":\"https:\\\/\\\/www.wib.pl\\\/en\\\/#website\"},\"datePublished\":\"2025-01-27T19:19:38+00:00\",\"description\":\"Jest to metoda druku cyfrowego inaczej druk bezpo\u015bredni. Dzi\u0119ki DTG mo\u017cna produkowa\u0107 nadruki w ma\u0142ym nak\u0142adzie. Metoda ta polecana jest klientom, kt\u00f3rych zlecenia posiadaj\u0105 wielobarwne grafiki. Proces druku polega na naniesieniu przez g\u0142owice maszyny kropelek w kolorach CMYK. Idealnie nadaje si\u0119 do realizacji indywidualnych projekt\u00f3w.\",\"breadcrumb\":{\"@id\":\"https:\\\/\\\/www.wib.pl\\\/en\\\/dtg-druk-cyfrowy\\\/#breadcrumb\"},\"inLanguage\":\"en-US\",\"potentialAction\":[{\"@type\":\"ReadAction\",\"target\":[\"https:\\\/\\\/www.wib.pl\\\/en\\\/dtg-druk-cyfrowy\\\/\"]}]},{\"@type\":\"BreadcrumbList\",\"@id\":\"https:\\\/\\\/www.wib.pl\\\/en\\\/dtg-druk-cyfrowy\\\/#breadcrumb\",\"itemListElement\":[{\"@type\":\"ListItem\",\"position\":1,\"name\":\"Homepage\",\"item\":\"https:\\\/\\\/www.wib.pl\\\/en\\\/\"},{\"@type\":\"ListItem\",\"position\":2,\"name\":\"DTG &#8211; Druk Cyfrowy\"}]},{\"@type\":\"WebSite\",\"@id\":\"https:\\\/\\\/www.wib.pl\\\/en\\\/#website\",\"url\":\"https:\\\/\\\/www.wib.pl\\\/en\\\/\",\"name\":\"Manufacturer of printed advertising gadgets - WIB from Bialystok\",\"description\":\"We are a manufacturer of printed advertising gadgets and advertising clothing. We provide a wide selection of advertising materials. We encourage you to check our offer.\",\"publisher\":{\"@id\":\"https:\\\/\\\/www.wib.pl\\\/en\\\/#organization\"},\"potentialAction\":[{\"@type\":\"SearchAction\",\"target\":{\"@type\":\"EntryPoint\",\"urlTemplate\":\"https:\\\/\\\/www.wib.pl\\\/en\\\/?s={search_term_string}\"},\"query-input\":{\"@type\":\"PropertyValueSpecification\",\"valueRequired\":true,\"valueName\":\"search_term_string\"}}],\"inLanguage\":\"en-US\"},{\"@type\":\"Organization\",\"@id\":\"https:\\\/\\\/www.wib.pl\\\/en\\\/#organization\",\"name\":\"Manufacturer of printed advertising gadgets - WIB from Bialystok\",\"url\":\"https:\\\/\\\/www.wib.pl\\\/en\\\/\",\"logo\":{\"@type\":\"ImageObject\",\"inLanguage\":\"en-US\",\"@id\":\"https:\\\/\\\/www.wib.pl\\\/en\\\/#\\\/schema\\\/logo\\\/image\\\/\",\"url\":\"https:\\\/\\\/www.wib.pl\\\/en\\\/wp-content\\\/uploads\\\/sites\\\/2\\\/2025\\\/02\\\/cropped-wib_logo.webp\",\"contentUrl\":\"https:\\\/\\\/www.wib.pl\\\/en\\\/wp-content\\\/uploads\\\/sites\\\/2\\\/2025\\\/02\\\/cropped-wib_logo.webp\",\"width\":512,\"height\":512,\"caption\":\"Manufacturer of printed advertising gadgets - WIB from Bialystok\"},\"image\":{\"@id\":\"https:\\\/\\\/www.wib.pl\\\/en\\\/#\\\/schema\\\/logo\\\/image\\\/\"}}]}<\/script>\n<!-- \/ Yoast SEO Premium plugin. -->","yoast_head_json":{"title":"DTG - Druk Cyfrowy | Manufacturer of printed advertising gadgets - WIB from Bialystok","description":"Jest to metoda druku cyfrowego inaczej druk bezpo\u015bredni. Dzi\u0119ki DTG mo\u017cna produkowa\u0107 nadruki w ma\u0142ym nak\u0142adzie. Metoda ta polecana jest klientom, kt\u00f3rych zlecenia posiadaj\u0105 wielobarwne grafiki. Proces druku polega na naniesieniu przez g\u0142owice maszyny kropelek w kolorach CMYK. Idealnie nadaje si\u0119 do realizacji indywidualnych projekt\u00f3w.","robots":{"index":"index","follow":"follow","max-snippet":"max-snippet:-1","max-image-preview":"max-image-preview:large","max-video-preview":"max-video-preview:-1"},"canonical":"https:\/\/www.wib.pl\/en\/dtg-druk-cyfrowy\/","og_locale":"en_US","og_type":"article","og_title":"DTG - Druk Cyfrowy","og_description":"Jest to metoda druku cyfrowego inaczej druk bezpo\u015bredni. Dzi\u0119ki DTG mo\u017cna produkowa\u0107 nadruki w ma\u0142ym nak\u0142adzie. Metoda ta polecana jest klientom, kt\u00f3rych zlecenia posiadaj\u0105 wielobarwne grafiki. Proces druku polega na naniesieniu przez g\u0142owice maszyny kropelek w kolorach CMYK. Idealnie nadaje si\u0119 do realizacji indywidualnych projekt\u00f3w.","og_url":"https:\/\/www.wib.pl\/en\/dtg-druk-cyfrowy\/","og_site_name":"Manufacturer of printed advertising gadgets - WIB from Bialystok","og_image":[{"width":512,"height":512,"url":"https:\/\/www.wib.pl\/en\/wp-content\/uploads\/sites\/2\/2025\/02\/cropped-wib_logo.webp","type":"image\/webp"}],"twitter_card":"summary_large_image","twitter_misc":{"Est. reading time":"1 minute"},"schema":{"@context":"https:\/\/schema.org","@graph":[{"@type":"WebPage","@id":"https:\/\/www.wib.pl\/en\/dtg-druk-cyfrowy\/","url":"https:\/\/www.wib.pl\/en\/dtg-druk-cyfrowy\/","name":"DTG - Druk Cyfrowy | Manufacturer of printed advertising gadgets - WIB from Bialystok","isPartOf":{"@id":"https:\/\/www.wib.pl\/en\/#website"},"datePublished":"2025-01-27T19:19:38+00:00","description":"Jest to metoda druku cyfrowego inaczej druk bezpo\u015bredni. Dzi\u0119ki DTG mo\u017cna produkowa\u0107 nadruki w ma\u0142ym nak\u0142adzie. Metoda ta polecana jest klientom, kt\u00f3rych zlecenia posiadaj\u0105 wielobarwne grafiki. Proces druku polega na naniesieniu przez g\u0142owice maszyny kropelek w kolorach CMYK. Idealnie nadaje si\u0119 do realizacji indywidualnych projekt\u00f3w.","breadcrumb":{"@id":"https:\/\/www.wib.pl\/en\/dtg-druk-cyfrowy\/#breadcrumb"},"inLanguage":"en-US","potentialAction":[{"@type":"ReadAction","target":["https:\/\/www.wib.pl\/en\/dtg-druk-cyfrowy\/"]}]},{"@type":"BreadcrumbList","@id":"https:\/\/www.wib.pl\/en\/dtg-druk-cyfrowy\/#breadcrumb","itemListElement":[{"@type":"ListItem","position":1,"name":"Homepage","item":"https:\/\/www.wib.pl\/en\/"},{"@type":"ListItem","position":2,"name":"DTG &#8211; Druk Cyfrowy"}]},{"@type":"WebSite","@id":"https:\/\/www.wib.pl\/en\/#website","url":"https:\/\/www.wib.pl\/en\/","name":"Manufacturer of printed advertising gadgets - WIB from Bialystok","description":"We are a manufacturer of printed advertising gadgets and advertising clothing. We provide a wide selection of advertising materials. We encourage you to check our offer.","publisher":{"@id":"https:\/\/www.wib.pl\/en\/#organization"},"potentialAction":[{"@type":"SearchAction","target":{"@type":"EntryPoint","urlTemplate":"https:\/\/www.wib.pl\/en\/?s={search_term_string}"},"query-input":{"@type":"PropertyValueSpecification","valueRequired":true,"valueName":"search_term_string"}}],"inLanguage":"en-US"},{"@type":"Organization","@id":"https:\/\/www.wib.pl\/en\/#organization","name":"Manufacturer of printed advertising gadgets - WIB from Bialystok","url":"https:\/\/www.wib.pl\/en\/","logo":{"@type":"ImageObject","inLanguage":"en-US","@id":"https:\/\/www.wib.pl\/en\/#\/schema\/logo\/image\/","url":"https:\/\/www.wib.pl\/en\/wp-content\/uploads\/sites\/2\/2025\/02\/cropped-wib_logo.webp","contentUrl":"https:\/\/www.wib.pl\/en\/wp-content\/uploads\/sites\/2\/2025\/02\/cropped-wib_logo.webp","width":512,"height":512,"caption":"Manufacturer of printed advertising gadgets - WIB from Bialystok"},"image":{"@id":"https:\/\/www.wib.pl\/en\/#\/schema\/logo\/image\/"}}]}},"_links":{"self":[{"href":"https:\/\/www.wib.pl\/en\/wp-json\/wp\/v2\/pages\/83216","targetHints":{"allow":["GET"]}}],"collection":[{"href":"https:\/\/www.wib.pl\/en\/wp-json\/wp\/v2\/pages"}],"about":[{"href":"https:\/\/www.wib.pl\/en\/wp-json\/wp\/v2\/types\/page"}],"author":[{"embeddable":true,"href":"https:\/\/www.wib.pl\/en\/wp-json\/wp\/v2\/users\/1"}],"replies":[{"embeddable":true,"href":"https:\/\/www.wib.pl\/en\/wp-json\/wp\/v2\/comments?post=83216"}],"version-history":[{"count":0,"href":"https:\/\/www.wib.pl\/en\/wp-json\/wp\/v2\/pages\/83216\/revisions"}],"wp:attachment":[{"href":"https:\/\/www.wib.pl\/en\/wp-json\/wp\/v2\/media?parent=83216"}],"curies":[{"name":"wp","href":"https:\/\/api.w.org\/{rel}","templated":true}]}}