{"id":83221,"date":"2025-01-27T19:31:45","date_gmt":"2025-01-27T19:31:45","guid":{"rendered":"https:\/\/www.wib.pl\/?page_id=83221"},"modified":"2025-01-27T19:31:45","modified_gmt":"2025-01-27T19:31:45","slug":"sublimacja","status":"publish","type":"page","link":"https:\/\/www.wib.pl\/en\/sublimacja\/","title":{"rendered":"SUBLIMACJA"},"content":{"rendered":"<div class=\"wpb-content-wrapper\"><p>[vc_row full_width=&#8221;stretch_row&#8221; woodmart_stretch_content=&#8221;section-stretch&#8221; css=&#8221;.vc_custom_1738004613360{padding-bottom: 40px !important;}&#8221; woodmart_css_id=&#8221;6797d8824ff15&#8243; responsive_spacing=&#8221;eyJwYXJhbV90eXBlIjoid29vZG1hcnRfcmVzcG9uc2l2ZV9zcGFjaW5nIiwic2VsZWN0b3JfaWQiOiI2Nzk3ZDg4MjRmZjE1Iiwic2hvcnRjb2RlIjoidmNfcm93IiwiZGF0YSI6eyJ0YWJsZXQiOnt9LCJtb2JpbGUiOnt9fX0=&#8221; mobile_bg_img_hidden=&#8221;no&#8221; tablet_bg_img_hidden=&#8221;no&#8221; woodmart_parallax=&#8221;0&#8243; woodmart_gradient_switch=&#8221;no&#8221; woodmart_box_shadow=&#8221;no&#8221; wd_z_index=&#8221;no&#8221; woodmart_disable_overflow=&#8221;0&#8243; row_reverse_mobile=&#8221;0&#8243; row_reverse_tablet=&#8221;0&#8243;][vc_column][vc_raw_html css=&#8221;&#8221; el_class=&#8221;okruszki_style&#8221;]JTVCd3BzZW9fYnJlYWRjcnVtYiU1RA==[\/vc_raw_html][\/vc_column][\/vc_row][vc_row css=&#8221;.vc_custom_1738004650669{margin-bottom: 50px !important;}&#8221; woodmart_css_id=&#8221;6797d8a0ed5bb&#8221; responsive_spacing=&#8221;eyJwYXJhbV90eXBlIjoid29vZG1hcnRfcmVzcG9uc2l2ZV9zcGFjaW5nIiwic2VsZWN0b3JfaWQiOiI2Nzk3ZDhhMGVkNWJiIiwic2hvcnRjb2RlIjoidmNfcm93IiwiZGF0YSI6eyJ0YWJsZXQiOnt9LCJtb2JpbGUiOnt9fX0=&#8221; mobile_bg_img_hidden=&#8221;no&#8221; tablet_bg_img_hidden=&#8221;no&#8221; woodmart_parallax=&#8221;0&#8243; woodmart_gradient_switch=&#8221;no&#8221; woodmart_box_shadow=&#8221;no&#8221; wd_z_index=&#8221;no&#8221; woodmart_disable_overflow=&#8221;0&#8243; row_reverse_mobile=&#8221;0&#8243; row_reverse_tablet=&#8221;0&#8243; el_class=&#8221;containter_100px&#8221;][vc_column width=&#8221;1\/2&#8243;]\t\t<div id=\"wd-6797df032b3f6\" class=\"wd-image wd-wpb wd-rs-6797df032b3f6 text-left \">\n\t\t\t\n\t\t\t\n\t\t\t\t\t<\/div>\n\t\t[\/vc_column][vc_column width=&#8221;1\/2&#8243;]\n\t\t<div id=\"wd-6797df40a1e0f\" class=\"title-wrapper wd-wpb wd-set-mb reset-last-child  wd-rs-6797df40a1e0f wd-title-color-default wd-title-style-default text-left vc_custom_1738006359050 wd-underline-colored\">\n\t\t\t\n\t\t\t<div class=\"liner-continer\">\n\t\t\t\t<h2 class=\"woodmart-title-container title  wd-font-weight-700 wd-fontsize-l\" >NADRUKI NA ODZIE\u017b W TECHNOLOGII SUBLIMACJA<\/h2>\n\t\t\t\t\t\t\t<\/div>\n\t\t\t\n\t\t\t\n\t\t\t\n\t\t<\/div>\n\t\t\n\t\t\t\t<div id=\"wd-6797df5f372b6\" class=\"wd-text-block wd-wpb reset-last-child wd-rs-6797df5f372b6 text-left wd-font-weight-400 wd-fontsize-custom font-primary vc_custom_1738006369968\">\n\t\t\t<p>Zajmujemy si\u0119\u00a0<strong>sublimacj\u0105 odzie\u017cy reklamowej<\/strong>\u00a0\u2013 mo\u017cesz dostarczy\u0107 nam w\u0142asne ubrania b\u0105d\u017a zakupi\u0107 przygotowane przez nas propozycje. Wykonujemy dowolne nadruki na tkaninach, dzianinach, a tak\u017ce innych pod\u0142o\u017cach poliestrowych oraz mieszankach poliestrowo-bawe\u0142nianych. Nasza linia produkcyjna umo\u017cliwia druk z metra\u017cu do szeroko\u015bci 1,6 m. Wz\u00f3r nie jest ograniczony ilo\u015bci\u0105 kolor\u00f3w, mo\u017cliwe s\u0105 nadruki zdj\u0119\u0107 w fotograficznej jako\u015bci. Wykonywane przez nas zdobienia s\u0105 trwa\u0142e, nie ulegaj\u0105 wypraniu i mo\u017cna je prasowa\u0107.\u00a0Istnieje mo\u017cliwo\u015b\u0107 nadruku pojedynczych ilo\u015bci.\u00a0Realizujemy zlecenia druku termosublimacyjnego zar\u00f3wno na wykrojach, jak i z metra\u017cu. Nasze atramenty sublimacyjne posiadaj\u0105 certyfikaty Oeko-tex.<\/p>\n\t\t<\/div>\n\t\t[\/vc_column][\/vc_row][vc_row el_class=&#8221;containter_100px&#8221; woodmart_css_id=&#8221;6797d7d0bcc92&#8243; responsive_spacing=&#8221;eyJwYXJhbV90eXBlIjoid29vZG1hcnRfcmVzcG9uc2l2ZV9zcGFjaW5nIiwic2VsZWN0b3JfaWQiOiI2Nzk3ZDdkMGJjYzkyIiwic2hvcnRjb2RlIjoidmNfcm93IiwiZGF0YSI6eyJ0YWJsZXQiOnt9LCJtb2JpbGUiOnt9fX0=&#8221; mobile_bg_img_hidden=&#8221;no&#8221; tablet_bg_img_hidden=&#8221;no&#8221; woodmart_parallax=&#8221;0&#8243; woodmart_gradient_switch=&#8221;no&#8221; woodmart_box_shadow=&#8221;no&#8221; wd_z_index=&#8221;no&#8221; woodmart_disable_overflow=&#8221;0&#8243; row_reverse_mobile=&#8221;0&#8243; row_reverse_tablet=&#8221;0&#8243; css=&#8221;.vc_custom_1738004513747{margin-bottom: 50px !important;}&#8221;][vc_column]\n\t\t<div id=\"wd-6797df64cd785\" class=\"title-wrapper wd-wpb wd-set-mb reset-last-child  wd-rs-6797df64cd785 wd-title-color-default wd-title-style-default text-left vc_custom_1738006385476 wd-underline-colored\">\n\t\t\t\n\t\t\t<div class=\"liner-continer\">\n\t\t\t\t<h2 class=\"woodmart-title-container title  wd-font-weight-700 wd-fontsize-l\" >NA CZYM POLEGA SUBLIMACJA ODZIE\u017bY REKLAMOWEJ ?<\/h2>\n\t\t\t\t\t\t\t<\/div>\n\t\t\t\n\t\t\t\n\t\t\t\n\t\t<\/div>\n\t\t\n\t\t\t\t<div id=\"wd-6797df73a2c05\" class=\"wd-text-block wd-wpb reset-last-child wd-rs-6797df73a2c05 text-left wd-font-weight-400 wd-fontsize-custom font-primary vc_custom_1738006392637\">\n\t\t\t<p><strong>Zjawisko sublimacji jest wykorzystywane podczas druku sublimacyjnego<\/strong>. To najtrwalsza metoda znakowania, a wykonany za jej pomoc\u0105 nadruk nie traci na jako\u015bci nawet po praniu. Z tego powodu technika doskonale sprawdza si\u0119 w przypadku ubra\u0144, kt\u00f3re s\u0105 cz\u0119sto prane, np. odzie\u017c sportowa. Nadruk tworzy si\u0119 za pomoc\u0105 specjalnych tusz\u00f3w na papierze przeznaczonym do sublimacji. P\u00f3\u017aniej nast\u0119puje jego przeniesienie na odzie\u017c przy wykorzystaniu odpowiednich pras. Potrzebna jest do tego wysoka temperatura.\u00a0<strong>Do sublimacji odzie\u017cy reklamowej wykorzystywana jest kolorystyka CMYK<\/strong>, dlatego istniej\u0105 du\u017ce mo\u017cliwo\u015bci barwne. Mo\u017cesz samodzielnie wybra\u0107, w jakich kolorach ma by\u0107 nadruk. Aby zdobienie prezentowa\u0142o si\u0119 doskonale, grafika musi by\u0107 wysokiej jako\u015bci. Za pomoc\u0105 druku sublimacyjnego mo\u017cna drukowa\u0107 pojedyncze sztuki, dlatego przyjmujemy zam\u00f3wienia indywidualne.<\/p>\n\t\t<\/div>\n\t\t[\/vc_column][\/vc_row][vc_row el_class=&#8221;containter_100px&#8221; woodmart_css_id=&#8221;6797d82450a5f&#8221; responsive_spacing=&#8221;eyJwYXJhbV90eXBlIjoid29vZG1hcnRfcmVzcG9uc2l2ZV9zcGFjaW5nIiwic2VsZWN0b3JfaWQiOiI2Nzk3ZDgyNDUwYTVmIiwic2hvcnRjb2RlIjoidmNfcm93IiwiZGF0YSI6eyJ0YWJsZXQiOnt9LCJtb2JpbGUiOnt9fX0=&#8221; mobile_bg_img_hidden=&#8221;no&#8221; tablet_bg_img_hidden=&#8221;no&#8221; woodmart_parallax=&#8221;0&#8243; woodmart_gradient_switch=&#8221;no&#8221; woodmart_box_shadow=&#8221;no&#8221; wd_z_index=&#8221;no&#8221; woodmart_disable_overflow=&#8221;0&#8243; row_reverse_mobile=&#8221;0&#8243; row_reverse_tablet=&#8221;0&#8243; css=&#8221;.vc_custom_1738004520996{margin-bottom: 50px !important;}&#8221;][vc_column]\n\t\t<div id=\"wd-6797df81eb123\" class=\"title-wrapper wd-wpb wd-set-mb reset-last-child  wd-rs-6797df81eb123 wd-title-color-default wd-title-style-default text-left vc_custom_1738006415412 wd-underline-colored\">\n\t\t\t\n\t\t\t<div class=\"liner-continer\">\n\t\t\t\t<h2 class=\"woodmart-title-container title  wd-font-weight-700 wd-fontsize-l\" >ZALETY DRUKU TERMOSUBLIMACYJNEGO<\/h2>\n\t\t\t\t\t\t\t<\/div>\n\t\t\t\n\t\t\t\n\t\t\t\n\t\t<\/div>\n\t\t\n\t\t\t\t<div id=\"wd-6797df9180c39\" class=\"wd-text-block wd-wpb reset-last-child wd-rs-6797df9180c39 text-left wd-font-weight-400 wd-fontsize-custom font-primary vc_custom_1738006419669\">\n\t\t\t<p><strong>Druk termosublimacyjny jest prost\u0105, a zarazem bardzo skuteczn\u0105 metod\u0105 druku cyfrowego<\/strong>. Umo\u017cliwia wykonywanie wielokolorowych nadruk\u00f3w, zdj\u0119\u0107 i grafik wysokiej jako\u015bci na odzie\u017cy oraz materia\u0142ach reklamowych. Jest to r\u00f3wnie\u017c metoda, za pomoc\u0105 kt\u00f3rej mo\u017cna szybko i sprawnie uzyska\u0107 wymarzony efekt. Czas potrzebny na zadrukowanie pojedynczej koszulki wynosi poni\u017cej 2 minut. Podczas dociskania wzoru do tkaniny w termoprasie barwnik zostaje podgrzany do temperatury 180-200 stopni, zmienia stan skupienia ze sta\u0142ego na gazowy i przenika bezpo\u015brednio do w\u0142\u00f3kien tkaniny. Poniewa\u017c powsta\u0142y obraz jest wynikiem trwa\u0142ego zabarwienia w\u0142\u00f3kien tkaniny, nie spiera si\u0119, nie blaknie i nie p\u0119ka.<\/p>\n<p>Technologia nie wymaga przygotowywania specjalnych matryc ani klisz, co znacznie obni\u017ca koszty produkcji. Dodatkowo mo\u017cna j\u0105 po\u0142\u0105czy\u0107 z technik\u0105 sitodruku, a nawet stworzy\u0107 aplikacj\u0119 \u0142\u0105cz\u0105c\u0105 technik\u0119 sitodruku, sublimacji i haftu. Daje to bardzo wiele mo\u017cliwo\u015bci przygotowania wyj\u0105tkowej i jedynej w swoim rodzaju\u00a0<a href=\"https:\/\/www.wib.pl\/odziez-reklamowa\/\">odzie\u017cy reklamowej z nadrukiem<\/a>. Zapraszamy do kontaktu w celu om\u00f3wienia szczeg\u00f3\u0142\u00f3w. Ch\u0119tnie odpowiemy na pytania dotycz\u0105ce nadruk\u00f3w w technologii termosublimacji.<\/p>\n\t\t<\/div>\n\t\t[\/vc_column][\/vc_row]<\/p>\n<\/div>","protected":false},"excerpt":{"rendered":"<p>[vc_row full_width=&#8221;stretch_row&#8221; woodmart_stretch_content=&#8221;section-stretch&#8221; css=&#8221;.vc_custom_1738004613360{padding-bottom: 40px !important;}&#8221; woodmart_css_id=&#8221;6797d8824ff15&#8243; responsive_spacing=&#8221;eyJwYXJhbV90eXBlIjoid29vZG1hcnRfcmVzcG9uc2l2ZV9zcGFjaW5nIiwic2VsZWN0b3JfaWQiOiI2Nzk3ZDg4MjRmZjE1Iiwic2hvcnRjb2RlIjoidmNfcm93IiwiZGF0YSI6eyJ0YWJsZXQiOnt9LCJtb2JpbGUiOnt9fX0=&#8221; mobile_bg_img_hidden=&#8221;no&#8221; tablet_bg_img_hidden=&#8221;no&#8221; woodmart_parallax=&#8221;0&#8243; woodmart_gradient_switch=&#8221;no&#8221; woodmart_box_shadow=&#8221;no&#8221; wd_z_index=&#8221;no&#8221; woodmart_disable_overflow=&#8221;0&#8243; row_reverse_mobile=&#8221;0&#8243; row_reverse_tablet=&#8221;0&#8243;][vc_column][vc_raw_html css=&#8221;&#8221; el_class=&#8221;okruszki_style&#8221;]JTVCd3BzZW9fYnJlYWRjcnVtYiU1RA==[\/vc_raw_html][\/vc_column][\/vc_row][vc_row css=&#8221;.vc_custom_1738004650669{margin-bottom:<\/p>\n","protected":false},"author":1,"featured_media":0,"parent":0,"menu_order":0,"comment_status":"closed","ping_status":"closed","template":"","meta":{"footnotes":""},"class_list":["post-83221","page","type-page","status-publish","hentry"],"yoast_head":"<!-- This site is optimized with the Yoast SEO Premium plugin v24.3 (Yoast SEO v27.4) - https:\/\/yoast.com\/product\/yoast-seo-premium-wordpress\/ -->\n<title>SUBLIMACJA | Manufacturer of printed advertising gadgets - WIB from Bialystok<\/title>\n<meta name=\"description\" content=\"Wykonujemy nadruki na odzie\u017cy reklamowej metod\u0105 termosublimacji. Sublimacja umo\u017cliwia wykonywanie wielokolorowych nadruk\u00f3w, wysokiej jako\u015bci zdj\u0119\u0107 oraz grafik.\" \/>\n<meta name=\"robots\" content=\"index, follow, max-snippet:-1, max-image-preview:large, max-video-preview:-1\" \/>\n<link rel=\"canonical\" href=\"https:\/\/www.wib.pl\/en\/sublimacja\/\" \/>\n<meta property=\"og:locale\" content=\"en_US\" \/>\n<meta property=\"og:type\" content=\"article\" \/>\n<meta property=\"og:title\" content=\"SUBLIMACJA\" \/>\n<meta property=\"og:description\" content=\"Wykonujemy nadruki na odzie\u017cy reklamowej metod\u0105 termosublimacji. Sublimacja umo\u017cliwia wykonywanie wielokolorowych nadruk\u00f3w, wysokiej jako\u015bci zdj\u0119\u0107 oraz grafik.\" \/>\n<meta property=\"og:url\" content=\"https:\/\/www.wib.pl\/en\/sublimacja\/\" \/>\n<meta property=\"og:site_name\" content=\"Manufacturer of printed advertising gadgets - WIB from Bialystok\" \/>\n<meta property=\"og:image\" content=\"https:\/\/www.wib.pl\/en\/wp-content\/uploads\/sites\/2\/2025\/02\/cropped-wib_logo.webp\" \/>\n\t<meta property=\"og:image:width\" content=\"512\" \/>\n\t<meta property=\"og:image:height\" content=\"512\" \/>\n\t<meta property=\"og:image:type\" content=\"image\/webp\" \/>\n<meta name=\"twitter:card\" content=\"summary_large_image\" \/>\n<meta name=\"twitter:label1\" content=\"Est. reading time\" \/>\n\t<meta name=\"twitter:data1\" content=\"4 minutes\" \/>\n<script type=\"application\/ld+json\" class=\"yoast-schema-graph\">{\"@context\":\"https:\\\/\\\/schema.org\",\"@graph\":[{\"@type\":\"WebPage\",\"@id\":\"https:\\\/\\\/www.wib.pl\\\/en\\\/sublimacja\\\/\",\"url\":\"https:\\\/\\\/www.wib.pl\\\/en\\\/sublimacja\\\/\",\"name\":\"SUBLIMACJA | Manufacturer of printed advertising gadgets - WIB from Bialystok\",\"isPartOf\":{\"@id\":\"https:\\\/\\\/www.wib.pl\\\/en\\\/#website\"},\"datePublished\":\"2025-01-27T19:31:45+00:00\",\"description\":\"Wykonujemy nadruki na odzie\u017cy reklamowej metod\u0105 termosublimacji. Sublimacja umo\u017cliwia wykonywanie wielokolorowych nadruk\u00f3w, wysokiej jako\u015bci zdj\u0119\u0107 oraz grafik.\",\"breadcrumb\":{\"@id\":\"https:\\\/\\\/www.wib.pl\\\/en\\\/sublimacja\\\/#breadcrumb\"},\"inLanguage\":\"en-US\",\"potentialAction\":[{\"@type\":\"ReadAction\",\"target\":[\"https:\\\/\\\/www.wib.pl\\\/en\\\/sublimacja\\\/\"]}]},{\"@type\":\"BreadcrumbList\",\"@id\":\"https:\\\/\\\/www.wib.pl\\\/en\\\/sublimacja\\\/#breadcrumb\",\"itemListElement\":[{\"@type\":\"ListItem\",\"position\":1,\"name\":\"Homepage\",\"item\":\"https:\\\/\\\/www.wib.pl\\\/en\\\/\"},{\"@type\":\"ListItem\",\"position\":2,\"name\":\"SUBLIMACJA\"}]},{\"@type\":\"WebSite\",\"@id\":\"https:\\\/\\\/www.wib.pl\\\/en\\\/#website\",\"url\":\"https:\\\/\\\/www.wib.pl\\\/en\\\/\",\"name\":\"Manufacturer of printed advertising gadgets - WIB from Bialystok\",\"description\":\"We are a manufacturer of printed advertising gadgets and advertising clothing. We provide a wide selection of advertising materials. We encourage you to check our offer.\",\"publisher\":{\"@id\":\"https:\\\/\\\/www.wib.pl\\\/en\\\/#organization\"},\"potentialAction\":[{\"@type\":\"SearchAction\",\"target\":{\"@type\":\"EntryPoint\",\"urlTemplate\":\"https:\\\/\\\/www.wib.pl\\\/en\\\/?s={search_term_string}\"},\"query-input\":{\"@type\":\"PropertyValueSpecification\",\"valueRequired\":true,\"valueName\":\"search_term_string\"}}],\"inLanguage\":\"en-US\"},{\"@type\":\"Organization\",\"@id\":\"https:\\\/\\\/www.wib.pl\\\/en\\\/#organization\",\"name\":\"Manufacturer of printed advertising gadgets - WIB from Bialystok\",\"url\":\"https:\\\/\\\/www.wib.pl\\\/en\\\/\",\"logo\":{\"@type\":\"ImageObject\",\"inLanguage\":\"en-US\",\"@id\":\"https:\\\/\\\/www.wib.pl\\\/en\\\/#\\\/schema\\\/logo\\\/image\\\/\",\"url\":\"https:\\\/\\\/www.wib.pl\\\/en\\\/wp-content\\\/uploads\\\/sites\\\/2\\\/2025\\\/02\\\/cropped-wib_logo.webp\",\"contentUrl\":\"https:\\\/\\\/www.wib.pl\\\/en\\\/wp-content\\\/uploads\\\/sites\\\/2\\\/2025\\\/02\\\/cropped-wib_logo.webp\",\"width\":512,\"height\":512,\"caption\":\"Manufacturer of printed advertising gadgets - WIB from Bialystok\"},\"image\":{\"@id\":\"https:\\\/\\\/www.wib.pl\\\/en\\\/#\\\/schema\\\/logo\\\/image\\\/\"}}]}<\/script>\n<!-- \/ Yoast SEO Premium plugin. -->","yoast_head_json":{"title":"SUBLIMACJA | Manufacturer of printed advertising gadgets - WIB from Bialystok","description":"Wykonujemy nadruki na odzie\u017cy reklamowej metod\u0105 termosublimacji. Sublimacja umo\u017cliwia wykonywanie wielokolorowych nadruk\u00f3w, wysokiej jako\u015bci zdj\u0119\u0107 oraz grafik.","robots":{"index":"index","follow":"follow","max-snippet":"max-snippet:-1","max-image-preview":"max-image-preview:large","max-video-preview":"max-video-preview:-1"},"canonical":"https:\/\/www.wib.pl\/en\/sublimacja\/","og_locale":"en_US","og_type":"article","og_title":"SUBLIMACJA","og_description":"Wykonujemy nadruki na odzie\u017cy reklamowej metod\u0105 termosublimacji. Sublimacja umo\u017cliwia wykonywanie wielokolorowych nadruk\u00f3w, wysokiej jako\u015bci zdj\u0119\u0107 oraz grafik.","og_url":"https:\/\/www.wib.pl\/en\/sublimacja\/","og_site_name":"Manufacturer of printed advertising gadgets - WIB from Bialystok","og_image":[{"width":512,"height":512,"url":"https:\/\/www.wib.pl\/en\/wp-content\/uploads\/sites\/2\/2025\/02\/cropped-wib_logo.webp","type":"image\/webp"}],"twitter_card":"summary_large_image","twitter_misc":{"Est. reading time":"4 minutes"},"schema":{"@context":"https:\/\/schema.org","@graph":[{"@type":"WebPage","@id":"https:\/\/www.wib.pl\/en\/sublimacja\/","url":"https:\/\/www.wib.pl\/en\/sublimacja\/","name":"SUBLIMACJA | Manufacturer of printed advertising gadgets - WIB from Bialystok","isPartOf":{"@id":"https:\/\/www.wib.pl\/en\/#website"},"datePublished":"2025-01-27T19:31:45+00:00","description":"Wykonujemy nadruki na odzie\u017cy reklamowej metod\u0105 termosublimacji. Sublimacja umo\u017cliwia wykonywanie wielokolorowych nadruk\u00f3w, wysokiej jako\u015bci zdj\u0119\u0107 oraz grafik.","breadcrumb":{"@id":"https:\/\/www.wib.pl\/en\/sublimacja\/#breadcrumb"},"inLanguage":"en-US","potentialAction":[{"@type":"ReadAction","target":["https:\/\/www.wib.pl\/en\/sublimacja\/"]}]},{"@type":"BreadcrumbList","@id":"https:\/\/www.wib.pl\/en\/sublimacja\/#breadcrumb","itemListElement":[{"@type":"ListItem","position":1,"name":"Homepage","item":"https:\/\/www.wib.pl\/en\/"},{"@type":"ListItem","position":2,"name":"SUBLIMACJA"}]},{"@type":"WebSite","@id":"https:\/\/www.wib.pl\/en\/#website","url":"https:\/\/www.wib.pl\/en\/","name":"Manufacturer of printed advertising gadgets - WIB from Bialystok","description":"We are a manufacturer of printed advertising gadgets and advertising clothing. We provide a wide selection of advertising materials. We encourage you to check our offer.","publisher":{"@id":"https:\/\/www.wib.pl\/en\/#organization"},"potentialAction":[{"@type":"SearchAction","target":{"@type":"EntryPoint","urlTemplate":"https:\/\/www.wib.pl\/en\/?s={search_term_string}"},"query-input":{"@type":"PropertyValueSpecification","valueRequired":true,"valueName":"search_term_string"}}],"inLanguage":"en-US"},{"@type":"Organization","@id":"https:\/\/www.wib.pl\/en\/#organization","name":"Manufacturer of printed advertising gadgets - WIB from Bialystok","url":"https:\/\/www.wib.pl\/en\/","logo":{"@type":"ImageObject","inLanguage":"en-US","@id":"https:\/\/www.wib.pl\/en\/#\/schema\/logo\/image\/","url":"https:\/\/www.wib.pl\/en\/wp-content\/uploads\/sites\/2\/2025\/02\/cropped-wib_logo.webp","contentUrl":"https:\/\/www.wib.pl\/en\/wp-content\/uploads\/sites\/2\/2025\/02\/cropped-wib_logo.webp","width":512,"height":512,"caption":"Manufacturer of printed advertising gadgets - WIB from Bialystok"},"image":{"@id":"https:\/\/www.wib.pl\/en\/#\/schema\/logo\/image\/"}}]}},"_links":{"self":[{"href":"https:\/\/www.wib.pl\/en\/wp-json\/wp\/v2\/pages\/83221","targetHints":{"allow":["GET"]}}],"collection":[{"href":"https:\/\/www.wib.pl\/en\/wp-json\/wp\/v2\/pages"}],"about":[{"href":"https:\/\/www.wib.pl\/en\/wp-json\/wp\/v2\/types\/page"}],"author":[{"embeddable":true,"href":"https:\/\/www.wib.pl\/en\/wp-json\/wp\/v2\/users\/1"}],"replies":[{"embeddable":true,"href":"https:\/\/www.wib.pl\/en\/wp-json\/wp\/v2\/comments?post=83221"}],"version-history":[{"count":0,"href":"https:\/\/www.wib.pl\/en\/wp-json\/wp\/v2\/pages\/83221\/revisions"}],"wp:attachment":[{"href":"https:\/\/www.wib.pl\/en\/wp-json\/wp\/v2\/media?parent=83221"}],"curies":[{"name":"wp","href":"https:\/\/api.w.org\/{rel}","templated":true}]}}