{"id":83235,"date":"2025-01-27T19:53:21","date_gmt":"2025-01-27T19:53:21","guid":{"rendered":"https:\/\/www.wib.pl\/?page_id=83235"},"modified":"2025-01-27T19:53:21","modified_gmt":"2025-01-27T19:53:21","slug":"odziez-powierzona","status":"publish","type":"page","link":"https:\/\/www.wib.pl\/en\/odziez-powierzona\/","title":{"rendered":"ODZIE\u017b POWIERZONA"},"content":{"rendered":"<div class=\"wpb-content-wrapper\"><p>[vc_row full_width=&#8221;stretch_row&#8221; woodmart_stretch_content=&#8221;section-stretch&#8221; css=&#8221;.vc_custom_1738004613360{padding-bottom: 40px !important;}&#8221; woodmart_css_id=&#8221;6797d8824ff15&#8243; responsive_spacing=&#8221;eyJwYXJhbV90eXBlIjoid29vZG1hcnRfcmVzcG9uc2l2ZV9zcGFjaW5nIiwic2VsZWN0b3JfaWQiOiI2Nzk3ZDg4MjRmZjE1Iiwic2hvcnRjb2RlIjoidmNfcm93IiwiZGF0YSI6eyJ0YWJsZXQiOnt9LCJtb2JpbGUiOnt9fX0=&#8221; mobile_bg_img_hidden=&#8221;no&#8221; tablet_bg_img_hidden=&#8221;no&#8221; woodmart_parallax=&#8221;0&#8243; woodmart_gradient_switch=&#8221;no&#8221; woodmart_box_shadow=&#8221;no&#8221; wd_z_index=&#8221;no&#8221; woodmart_disable_overflow=&#8221;0&#8243; row_reverse_mobile=&#8221;0&#8243; row_reverse_tablet=&#8221;0&#8243;][vc_column][vc_raw_html css=&#8221;&#8221; el_class=&#8221;okruszki_style&#8221;]JTVCd3BzZW9fYnJlYWRjcnVtYiU1RA==[\/vc_raw_html][\/vc_column][\/vc_row][vc_row css=&#8221;.vc_custom_1738004650669{margin-bottom: 50px !important;}&#8221; woodmart_css_id=&#8221;6797d8a0ed5bb&#8221; responsive_spacing=&#8221;eyJwYXJhbV90eXBlIjoid29vZG1hcnRfcmVzcG9uc2l2ZV9zcGFjaW5nIiwic2VsZWN0b3JfaWQiOiI2Nzk3ZDhhMGVkNWJiIiwic2hvcnRjb2RlIjoidmNfcm93IiwiZGF0YSI6eyJ0YWJsZXQiOnt9LCJtb2JpbGUiOnt9fX0=&#8221; mobile_bg_img_hidden=&#8221;no&#8221; tablet_bg_img_hidden=&#8221;no&#8221; woodmart_parallax=&#8221;0&#8243; woodmart_gradient_switch=&#8221;no&#8221; woodmart_box_shadow=&#8221;no&#8221; wd_z_index=&#8221;no&#8221; woodmart_disable_overflow=&#8221;0&#8243; row_reverse_mobile=&#8221;0&#8243; row_reverse_tablet=&#8221;0&#8243; el_class=&#8221;containter_100px&#8221;][vc_column width=&#8221;1\/2&#8243;]\t\t<div id=\"wd-6797e3e8a7785\" class=\"wd-image wd-wpb wd-rs-6797e3e8a7785 text-left \">\n\t\t\t\n\t\t\t\n\t\t\t\t\t<\/div>\n\t\t[\/vc_column][vc_column width=&#8221;1\/2&#8243;]\n\t\t<div id=\"wd-6797e4016821b\" class=\"title-wrapper wd-wpb wd-set-mb reset-last-child  wd-rs-6797e4016821b wd-title-color-default wd-title-style-default text-left vc_custom_1738007563984 wd-underline-colored\">\n\t\t\t\n\t\t\t<div class=\"liner-continer\">\n\t\t\t\t<h2 class=\"woodmart-title-container title  wd-font-weight-700 wd-fontsize-l\" >NADRUKI NA ODZIE\u017bY POWIERZONEJ<\/h2>\n\t\t\t\t\t\t\t<\/div>\n\t\t\t\n\t\t\t\n\t\t\t\n\t\t<\/div>\n\t\t\n\t\t\t\t<div id=\"wd-6797e40e849cf\" class=\"wd-text-block wd-wpb reset-last-child wd-rs-6797e40e849cf text-left wd-font-weight-400 wd-fontsize-custom font-primary vc_custom_1738007571565\">\n\t\t\t<p>Wykonujemy\u00a0<strong>nadruki na odzie\u017cy powierzonej<\/strong>, co wyr\u00f3\u017cnia nas na tle konkurencji. Nie wszystkie firmy si\u0119 tego podejmuj\u0105. My jednak postanowili\u015bmy wyj\u015b\u0107 naprzeciw oczekiwaniom i potrzebom naszych klient\u00f3w, dlatego przygotowali\u015bmy t\u0119 us\u0142ug\u0119. Je\u015bli nie chcesz zamawia\u0107 ubra\u0144 z oferty,\u00a0<strong>mo\u017cesz skorzysta\u0107 z mo\u017cliwo\u015bci zam\u00f3wienia nadruku na odzie\u017cy powierzonej<\/strong>. W tym celu wystarczy si\u0119 z nami skontaktowa\u0107, z\u0142o\u017cy\u0107 zam\u00f3wienie, a nast\u0119pnie dostarczy\u0107 do nas element garderoby, na kt\u00f3rym mamy wykona\u0107 wybrany przez Ciebie nadruk.<\/p>\n<p>Jeste\u015bmy w stanie oznakowa\u0107 wszystkie ubrania. Najcz\u0119\u015bciej przyjmujemy zlecenia na wykonanie nadruku na\u00a0<a href=\"https:\/\/www.wib.pl\/koszulki-t-shirt-2\/\">koszulkach<\/a>, bluzach oraz spodniach. Druk na w\u0142asnej odzie\u017cy to ciekawa propozycja, z kt\u00f3rej korzysta coraz wi\u0119cej os\u00f3b. Jest to te\u017c atrakcyjny pomys\u0142 na prezent \u2013 z pewno\u015bci\u0105 ka\u017cdy ucieszy si\u0119 z tak spersonalizowanego podarunku. Na ubraniach mo\u017cemy umie\u015bci\u0107 w\u0142a\u015bciwie wszystkie grafiki, napisy czy zdj\u0119cia.<\/p>\n\t\t<\/div>\n\t\t[\/vc_column][\/vc_row][vc_row el_class=&#8221;containter_100px&#8221; woodmart_css_id=&#8221;6797d7d0bcc92&#8243; responsive_spacing=&#8221;eyJwYXJhbV90eXBlIjoid29vZG1hcnRfcmVzcG9uc2l2ZV9zcGFjaW5nIiwic2VsZWN0b3JfaWQiOiI2Nzk3ZDdkMGJjYzkyIiwic2hvcnRjb2RlIjoidmNfcm93IiwiZGF0YSI6eyJ0YWJsZXQiOnt9LCJtb2JpbGUiOnt9fX0=&#8221; mobile_bg_img_hidden=&#8221;no&#8221; tablet_bg_img_hidden=&#8221;no&#8221; woodmart_parallax=&#8221;0&#8243; woodmart_gradient_switch=&#8221;no&#8221; woodmart_box_shadow=&#8221;no&#8221; wd_z_index=&#8221;no&#8221; woodmart_disable_overflow=&#8221;0&#8243; row_reverse_mobile=&#8221;0&#8243; row_reverse_tablet=&#8221;0&#8243; css=&#8221;.vc_custom_1738004513747{margin-bottom: 50px !important;}&#8221;][vc_column]\n\t\t<div id=\"wd-6797e417b8baf\" class=\"title-wrapper wd-wpb wd-set-mb reset-last-child  wd-rs-6797e417b8baf wd-title-color-default wd-title-style-default text-left vc_custom_1738007588810 wd-underline-colored\">\n\t\t\t\n\t\t\t<div class=\"liner-continer\">\n\t\t\t\t<h2 class=\"woodmart-title-container title  wd-font-weight-700 wd-fontsize-l\" >PRANIE ODZIE\u017bY Z NADRUKIEM<\/h2>\n\t\t\t\t\t\t\t<\/div>\n\t\t\t\n\t\t\t\n\t\t\t\n\t\t<\/div>\n\t\t\n\t\t\t\t<div id=\"wd-6797e4270f11b\" class=\"wd-text-block wd-wpb reset-last-child wd-rs-6797e4270f11b text-left wd-font-weight-400 wd-fontsize-custom font-primary vc_custom_1738007593312\">\n\t\t\t<p><strong>Podczas prania odzie\u017cy z nadrukiem nale\u017cy zwr\u00f3ci\u0107 uwag\u0119 na kilka podstawowych zasad<\/strong>. Ich przestrzeganie pozwoli d\u0142u\u017cej cieszy\u0107 si\u0119 niesamowitym efektem ubra\u0144. Przede wszystkim zaleca si\u0119 pranie i prasowanie tego rodzaju odzie\u017cy na lewej stronie, aby nie uszkodzi\u0107 nadruku. Maksymalna temperatura prania nie powinna przekracza\u0107 40 stopni, natomiast maksymalna ilo\u015b\u0107 obrot\u00f3w wynosi 600 na minut\u0119. Nie nale\u017cy r\u00f3wnie\u017c korzysta\u0107 z suszenia automatycznego, poniewa\u017c mo\u017ce mie\u0107 ono szkodliwy wp\u0142yw na odzie\u017c z nadrukiem. Do prania nie powinno si\u0119 tak\u017ce dodawa\u0107 mocnej chemii.<\/p>\n\t\t<\/div>\n\t\t[\/vc_column][\/vc_row]<\/p>\n<\/div>","protected":false},"excerpt":{"rendered":"<p>[vc_row full_width=&#8221;stretch_row&#8221; woodmart_stretch_content=&#8221;section-stretch&#8221; css=&#8221;.vc_custom_1738004613360{padding-bottom: 40px !important;}&#8221; woodmart_css_id=&#8221;6797d8824ff15&#8243; responsive_spacing=&#8221;eyJwYXJhbV90eXBlIjoid29vZG1hcnRfcmVzcG9uc2l2ZV9zcGFjaW5nIiwic2VsZWN0b3JfaWQiOiI2Nzk3ZDg4MjRmZjE1Iiwic2hvcnRjb2RlIjoidmNfcm93IiwiZGF0YSI6eyJ0YWJsZXQiOnt9LCJtb2JpbGUiOnt9fX0=&#8221; mobile_bg_img_hidden=&#8221;no&#8221; tablet_bg_img_hidden=&#8221;no&#8221; woodmart_parallax=&#8221;0&#8243; woodmart_gradient_switch=&#8221;no&#8221; woodmart_box_shadow=&#8221;no&#8221; wd_z_index=&#8221;no&#8221; woodmart_disable_overflow=&#8221;0&#8243; row_reverse_mobile=&#8221;0&#8243; row_reverse_tablet=&#8221;0&#8243;][vc_column][vc_raw_html css=&#8221;&#8221; el_class=&#8221;okruszki_style&#8221;]JTVCd3BzZW9fYnJlYWRjcnVtYiU1RA==[\/vc_raw_html][\/vc_column][\/vc_row][vc_row css=&#8221;.vc_custom_1738004650669{margin-bottom:<\/p>\n","protected":false},"author":1,"featured_media":0,"parent":0,"menu_order":0,"comment_status":"closed","ping_status":"closed","template":"","meta":{"footnotes":""},"class_list":["post-83235","page","type-page","status-publish","hentry"],"yoast_head":"<!-- This site is optimized with the Yoast SEO Premium plugin v24.3 (Yoast SEO v27.4) - https:\/\/yoast.com\/product\/yoast-seo-premium-wordpress\/ -->\n<title>ODZIE\u017b POWIERZONA | Manufacturer of printed advertising gadgets - WIB from Bialystok<\/title>\n<meta name=\"description\" content=\"Sprzedajemy ubrania, ale zapewniamy te\u017c mo\u017cliwo\u015b\u0107 wykonania nadruku na odzie\u017cy powierzonej. Je\u015bli zale\u017cy Ci na druku na w\u0142asnych ubraniach, dostarcz je do nas.\" \/>\n<meta name=\"robots\" content=\"index, follow, max-snippet:-1, max-image-preview:large, max-video-preview:-1\" \/>\n<link rel=\"canonical\" href=\"https:\/\/www.wib.pl\/en\/odziez-powierzona\/\" \/>\n<meta property=\"og:locale\" content=\"en_US\" \/>\n<meta property=\"og:type\" content=\"article\" \/>\n<meta property=\"og:title\" content=\"ODZIE\u017b POWIERZONA\" \/>\n<meta property=\"og:description\" content=\"Sprzedajemy ubrania, ale zapewniamy te\u017c mo\u017cliwo\u015b\u0107 wykonania nadruku na odzie\u017cy powierzonej. Je\u015bli zale\u017cy Ci na druku na w\u0142asnych ubraniach, dostarcz je do nas.\" \/>\n<meta property=\"og:url\" content=\"https:\/\/www.wib.pl\/en\/odziez-powierzona\/\" \/>\n<meta property=\"og:site_name\" content=\"Manufacturer of printed advertising gadgets - WIB from Bialystok\" \/>\n<meta property=\"og:image\" content=\"https:\/\/www.wib.pl\/en\/wp-content\/uploads\/sites\/2\/2025\/02\/cropped-wib_logo.webp\" \/>\n\t<meta property=\"og:image:width\" content=\"512\" \/>\n\t<meta property=\"og:image:height\" content=\"512\" \/>\n\t<meta property=\"og:image:type\" content=\"image\/webp\" \/>\n<meta name=\"twitter:card\" content=\"summary_large_image\" \/>\n<meta name=\"twitter:label1\" content=\"Est. reading time\" \/>\n\t<meta name=\"twitter:data1\" content=\"3 minutes\" \/>\n<script type=\"application\/ld+json\" class=\"yoast-schema-graph\">{\"@context\":\"https:\\\/\\\/schema.org\",\"@graph\":[{\"@type\":\"WebPage\",\"@id\":\"https:\\\/\\\/www.wib.pl\\\/en\\\/odziez-powierzona\\\/\",\"url\":\"https:\\\/\\\/www.wib.pl\\\/en\\\/odziez-powierzona\\\/\",\"name\":\"ODZIE\u017b POWIERZONA | Manufacturer of printed advertising gadgets - WIB from Bialystok\",\"isPartOf\":{\"@id\":\"https:\\\/\\\/www.wib.pl\\\/en\\\/#website\"},\"datePublished\":\"2025-01-27T19:53:21+00:00\",\"description\":\"Sprzedajemy ubrania, ale zapewniamy te\u017c mo\u017cliwo\u015b\u0107 wykonania nadruku na odzie\u017cy powierzonej. Je\u015bli zale\u017cy Ci na druku na w\u0142asnych ubraniach, dostarcz je do nas.\",\"breadcrumb\":{\"@id\":\"https:\\\/\\\/www.wib.pl\\\/en\\\/odziez-powierzona\\\/#breadcrumb\"},\"inLanguage\":\"en-US\",\"potentialAction\":[{\"@type\":\"ReadAction\",\"target\":[\"https:\\\/\\\/www.wib.pl\\\/en\\\/odziez-powierzona\\\/\"]}]},{\"@type\":\"BreadcrumbList\",\"@id\":\"https:\\\/\\\/www.wib.pl\\\/en\\\/odziez-powierzona\\\/#breadcrumb\",\"itemListElement\":[{\"@type\":\"ListItem\",\"position\":1,\"name\":\"Homepage\",\"item\":\"https:\\\/\\\/www.wib.pl\\\/en\\\/\"},{\"@type\":\"ListItem\",\"position\":2,\"name\":\"ODZIE\u017b POWIERZONA\"}]},{\"@type\":\"WebSite\",\"@id\":\"https:\\\/\\\/www.wib.pl\\\/en\\\/#website\",\"url\":\"https:\\\/\\\/www.wib.pl\\\/en\\\/\",\"name\":\"Manufacturer of printed advertising gadgets - WIB from Bialystok\",\"description\":\"We are a manufacturer of printed advertising gadgets and advertising clothing. We provide a wide selection of advertising materials. We encourage you to check our offer.\",\"publisher\":{\"@id\":\"https:\\\/\\\/www.wib.pl\\\/en\\\/#organization\"},\"potentialAction\":[{\"@type\":\"SearchAction\",\"target\":{\"@type\":\"EntryPoint\",\"urlTemplate\":\"https:\\\/\\\/www.wib.pl\\\/en\\\/?s={search_term_string}\"},\"query-input\":{\"@type\":\"PropertyValueSpecification\",\"valueRequired\":true,\"valueName\":\"search_term_string\"}}],\"inLanguage\":\"en-US\"},{\"@type\":\"Organization\",\"@id\":\"https:\\\/\\\/www.wib.pl\\\/en\\\/#organization\",\"name\":\"Manufacturer of printed advertising gadgets - WIB from Bialystok\",\"url\":\"https:\\\/\\\/www.wib.pl\\\/en\\\/\",\"logo\":{\"@type\":\"ImageObject\",\"inLanguage\":\"en-US\",\"@id\":\"https:\\\/\\\/www.wib.pl\\\/en\\\/#\\\/schema\\\/logo\\\/image\\\/\",\"url\":\"https:\\\/\\\/www.wib.pl\\\/en\\\/wp-content\\\/uploads\\\/sites\\\/2\\\/2025\\\/02\\\/cropped-wib_logo.webp\",\"contentUrl\":\"https:\\\/\\\/www.wib.pl\\\/en\\\/wp-content\\\/uploads\\\/sites\\\/2\\\/2025\\\/02\\\/cropped-wib_logo.webp\",\"width\":512,\"height\":512,\"caption\":\"Manufacturer of printed advertising gadgets - WIB from Bialystok\"},\"image\":{\"@id\":\"https:\\\/\\\/www.wib.pl\\\/en\\\/#\\\/schema\\\/logo\\\/image\\\/\"}}]}<\/script>\n<!-- \/ Yoast SEO Premium plugin. -->","yoast_head_json":{"title":"ODZIE\u017b POWIERZONA | Manufacturer of printed advertising gadgets - WIB from Bialystok","description":"Sprzedajemy ubrania, ale zapewniamy te\u017c mo\u017cliwo\u015b\u0107 wykonania nadruku na odzie\u017cy powierzonej. Je\u015bli zale\u017cy Ci na druku na w\u0142asnych ubraniach, dostarcz je do nas.","robots":{"index":"index","follow":"follow","max-snippet":"max-snippet:-1","max-image-preview":"max-image-preview:large","max-video-preview":"max-video-preview:-1"},"canonical":"https:\/\/www.wib.pl\/en\/odziez-powierzona\/","og_locale":"en_US","og_type":"article","og_title":"ODZIE\u017b POWIERZONA","og_description":"Sprzedajemy ubrania, ale zapewniamy te\u017c mo\u017cliwo\u015b\u0107 wykonania nadruku na odzie\u017cy powierzonej. Je\u015bli zale\u017cy Ci na druku na w\u0142asnych ubraniach, dostarcz je do nas.","og_url":"https:\/\/www.wib.pl\/en\/odziez-powierzona\/","og_site_name":"Manufacturer of printed advertising gadgets - WIB from Bialystok","og_image":[{"width":512,"height":512,"url":"https:\/\/www.wib.pl\/en\/wp-content\/uploads\/sites\/2\/2025\/02\/cropped-wib_logo.webp","type":"image\/webp"}],"twitter_card":"summary_large_image","twitter_misc":{"Est. reading time":"3 minutes"},"schema":{"@context":"https:\/\/schema.org","@graph":[{"@type":"WebPage","@id":"https:\/\/www.wib.pl\/en\/odziez-powierzona\/","url":"https:\/\/www.wib.pl\/en\/odziez-powierzona\/","name":"ODZIE\u017b POWIERZONA | Manufacturer of printed advertising gadgets - WIB from Bialystok","isPartOf":{"@id":"https:\/\/www.wib.pl\/en\/#website"},"datePublished":"2025-01-27T19:53:21+00:00","description":"Sprzedajemy ubrania, ale zapewniamy te\u017c mo\u017cliwo\u015b\u0107 wykonania nadruku na odzie\u017cy powierzonej. Je\u015bli zale\u017cy Ci na druku na w\u0142asnych ubraniach, dostarcz je do nas.","breadcrumb":{"@id":"https:\/\/www.wib.pl\/en\/odziez-powierzona\/#breadcrumb"},"inLanguage":"en-US","potentialAction":[{"@type":"ReadAction","target":["https:\/\/www.wib.pl\/en\/odziez-powierzona\/"]}]},{"@type":"BreadcrumbList","@id":"https:\/\/www.wib.pl\/en\/odziez-powierzona\/#breadcrumb","itemListElement":[{"@type":"ListItem","position":1,"name":"Homepage","item":"https:\/\/www.wib.pl\/en\/"},{"@type":"ListItem","position":2,"name":"ODZIE\u017b POWIERZONA"}]},{"@type":"WebSite","@id":"https:\/\/www.wib.pl\/en\/#website","url":"https:\/\/www.wib.pl\/en\/","name":"Manufacturer of printed advertising gadgets - WIB from Bialystok","description":"We are a manufacturer of printed advertising gadgets and advertising clothing. We provide a wide selection of advertising materials. We encourage you to check our offer.","publisher":{"@id":"https:\/\/www.wib.pl\/en\/#organization"},"potentialAction":[{"@type":"SearchAction","target":{"@type":"EntryPoint","urlTemplate":"https:\/\/www.wib.pl\/en\/?s={search_term_string}"},"query-input":{"@type":"PropertyValueSpecification","valueRequired":true,"valueName":"search_term_string"}}],"inLanguage":"en-US"},{"@type":"Organization","@id":"https:\/\/www.wib.pl\/en\/#organization","name":"Manufacturer of printed advertising gadgets - WIB from Bialystok","url":"https:\/\/www.wib.pl\/en\/","logo":{"@type":"ImageObject","inLanguage":"en-US","@id":"https:\/\/www.wib.pl\/en\/#\/schema\/logo\/image\/","url":"https:\/\/www.wib.pl\/en\/wp-content\/uploads\/sites\/2\/2025\/02\/cropped-wib_logo.webp","contentUrl":"https:\/\/www.wib.pl\/en\/wp-content\/uploads\/sites\/2\/2025\/02\/cropped-wib_logo.webp","width":512,"height":512,"caption":"Manufacturer of printed advertising gadgets - WIB from Bialystok"},"image":{"@id":"https:\/\/www.wib.pl\/en\/#\/schema\/logo\/image\/"}}]}},"_links":{"self":[{"href":"https:\/\/www.wib.pl\/en\/wp-json\/wp\/v2\/pages\/83235","targetHints":{"allow":["GET"]}}],"collection":[{"href":"https:\/\/www.wib.pl\/en\/wp-json\/wp\/v2\/pages"}],"about":[{"href":"https:\/\/www.wib.pl\/en\/wp-json\/wp\/v2\/types\/page"}],"author":[{"embeddable":true,"href":"https:\/\/www.wib.pl\/en\/wp-json\/wp\/v2\/users\/1"}],"replies":[{"embeddable":true,"href":"https:\/\/www.wib.pl\/en\/wp-json\/wp\/v2\/comments?post=83235"}],"version-history":[{"count":0,"href":"https:\/\/www.wib.pl\/en\/wp-json\/wp\/v2\/pages\/83235\/revisions"}],"wp:attachment":[{"href":"https:\/\/www.wib.pl\/en\/wp-json\/wp\/v2\/media?parent=83235"}],"curies":[{"name":"wp","href":"https:\/\/api.w.org\/{rel}","templated":true}]}}