{"id":83255,"date":"2025-01-27T20:19:59","date_gmt":"2025-01-27T20:19:59","guid":{"rendered":"https:\/\/www.wib.pl\/?page_id=83255"},"modified":"2025-01-27T20:19:59","modified_gmt":"2025-01-27T20:19:59","slug":"bluzy-i-polary","status":"publish","type":"page","link":"https:\/\/www.wib.pl\/en\/bluzy-i-polary\/","title":{"rendered":"BLUZY I POLARY"},"content":{"rendered":"<div class=\"wpb-content-wrapper\"><p>[vc_row full_width=&#8221;stretch_row&#8221; woodmart_stretch_content=&#8221;section-stretch&#8221; css=&#8221;.vc_custom_1738004613360{padding-bottom: 40px !important;}&#8221; woodmart_css_id=&#8221;6797d8824ff15&#8243; responsive_spacing=&#8221;eyJwYXJhbV90eXBlIjoid29vZG1hcnRfcmVzcG9uc2l2ZV9zcGFjaW5nIiwic2VsZWN0b3JfaWQiOiI2Nzk3ZDg4MjRmZjE1Iiwic2hvcnRjb2RlIjoidmNfcm93IiwiZGF0YSI6eyJ0YWJsZXQiOnt9LCJtb2JpbGUiOnt9fX0=&#8221; mobile_bg_img_hidden=&#8221;no&#8221; tablet_bg_img_hidden=&#8221;no&#8221; woodmart_parallax=&#8221;0&#8243; woodmart_gradient_switch=&#8221;no&#8221; woodmart_box_shadow=&#8221;no&#8221; wd_z_index=&#8221;no&#8221; woodmart_disable_overflow=&#8221;0&#8243; row_reverse_mobile=&#8221;0&#8243; row_reverse_tablet=&#8221;0&#8243;][vc_column][vc_raw_html css=&#8221;&#8221; el_class=&#8221;okruszki_style&#8221;]JTVCd3BzZW9fYnJlYWRjcnVtYiU1RA==[\/vc_raw_html][\/vc_column][\/vc_row][vc_row css=&#8221;.vc_custom_1738004650669{margin-bottom: 50px !important;}&#8221; woodmart_css_id=&#8221;6797d8a0ed5bb&#8221; responsive_spacing=&#8221;eyJwYXJhbV90eXBlIjoid29vZG1hcnRfcmVzcG9uc2l2ZV9zcGFjaW5nIiwic2VsZWN0b3JfaWQiOiI2Nzk3ZDhhMGVkNWJiIiwic2hvcnRjb2RlIjoidmNfcm93IiwiZGF0YSI6eyJ0YWJsZXQiOnt9LCJtb2JpbGUiOnt9fX0=&#8221; mobile_bg_img_hidden=&#8221;no&#8221; tablet_bg_img_hidden=&#8221;no&#8221; woodmart_parallax=&#8221;0&#8243; woodmart_gradient_switch=&#8221;no&#8221; woodmart_box_shadow=&#8221;no&#8221; wd_z_index=&#8221;no&#8221; woodmart_disable_overflow=&#8221;0&#8243; row_reverse_mobile=&#8221;0&#8243; row_reverse_tablet=&#8221;0&#8243; el_class=&#8221;containter_100px&#8221;][vc_column]\n\t\t<div id=\"wd-6797ea554b78b\" class=\"title-wrapper wd-wpb wd-set-mb reset-last-child  wd-rs-6797ea554b78b wd-title-color-default wd-title-style-default text-left vc_custom_1738009182561 wd-underline-colored\">\n\t\t\t\n\t\t\t<div class=\"liner-continer\">\n\t\t\t\t<h2 class=\"woodmart-title-container title  wd-font-weight-700 wd-fontsize-l\" >PRODUKCJA BLUZ I POLAR\u00d3W<\/h2>\n\t\t\t\t\t\t\t<\/div>\n\t\t\t\n\t\t\t\n\t\t\t\n\t\t<\/div>\n\t\t\n\t\t\t\t<div id=\"wd-6797ea504c7d9\" class=\"wd-text-block wd-wpb reset-last-child wd-rs-6797ea504c7d9 text-left wd-font-weight-400 wd-fontsize-custom font-primary vc_custom_1738009170795\">\n\t\t\t<p>W naszej firmie odbywa si\u0119\u00a0<strong>produkcja bluz i polar\u00f3w<\/strong>. Szyjemy bluzy m\u0119skie w rozmiarach od S do XXL oraz damskie w rozmiarach od XS do XXL. Oferujemy bluzy bawe\u0142niane, bluzy z polaru lub softshella. Wszystkie wyr\u00f3\u017cniaj\u0105 si\u0119 wysok\u0105 jako\u015bci\u0105, poniewa\u017c podczas ich produkcji zwracamy uwag\u0119 na detale. Zale\u017cy nam na zadowoleniu ka\u017cdego klienta, wi\u0119c starannie realizujemy poszczeg\u00f3lne etapy. Mo\u017cemy wykona\u0107 bluzy z kapturem i zamkiem, bluzy z kieszeniami lub bez kieszeni, zako\u0144czone gumosznurkiem i stoperem. Stanowi\u0105 one doskona\u0142\u0105 baz\u0119 na\u00a0<a href=\"https:\/\/www.wib.pl\/haft\">hafty komputerowe<\/a>\u00a0oraz nadruki metod\u0105 sitodruku lub\u00a0sublimacji.<\/p>\n<p>Korzystamy z materia\u0142\u00f3w najwy\u017cszej jako\u015bci, dzi\u0119ki czemu nasze bluzy s\u0105 wytrzyma\u0142e i doskonale si\u0119 prezentuj\u0105.\u00a0<strong>Bluzy i polary to\u00a0doskona\u0142a odzie\u017c reklamowa na ch\u0142odniejsze dni<\/strong>. Wygodne i trwa\u0142e ubrania z nadrukiem lub haftem s\u0105 jednym z najlepszych sposob\u00f3w na reklam\u0119 firmy. Mo\u017cna na nich umie\u015bci\u0107 logo przedsi\u0119biorstwa, dowolny napis lub grafik\u0119. Jeste\u015bmy w stanie przygotowa\u0107 ka\u017cdy pomys\u0142, dlatego zach\u0119camy do kontaktu z nasz\u0105 firm\u0105. Mo\u017cna si\u0119 z nami skontaktowa\u0107 telefonicznie b\u0105d\u017a mailowo. Udzielimy wszelkich szczeg\u00f3\u0142owych informacji, a tak\u017ce odpowiemy na pytania.<\/p>\n\t\t<\/div>\n\t\t[\/vc_column][\/vc_row]<\/p>\n<\/div>","protected":false},"excerpt":{"rendered":"<p>[vc_row full_width=&#8221;stretch_row&#8221; woodmart_stretch_content=&#8221;section-stretch&#8221; css=&#8221;.vc_custom_1738004613360{padding-bottom: 40px !important;}&#8221; woodmart_css_id=&#8221;6797d8824ff15&#8243; responsive_spacing=&#8221;eyJwYXJhbV90eXBlIjoid29vZG1hcnRfcmVzcG9uc2l2ZV9zcGFjaW5nIiwic2VsZWN0b3JfaWQiOiI2Nzk3ZDg4MjRmZjE1Iiwic2hvcnRjb2RlIjoidmNfcm93IiwiZGF0YSI6eyJ0YWJsZXQiOnt9LCJtb2JpbGUiOnt9fX0=&#8221; mobile_bg_img_hidden=&#8221;no&#8221; tablet_bg_img_hidden=&#8221;no&#8221; woodmart_parallax=&#8221;0&#8243; woodmart_gradient_switch=&#8221;no&#8221; woodmart_box_shadow=&#8221;no&#8221; wd_z_index=&#8221;no&#8221; woodmart_disable_overflow=&#8221;0&#8243; row_reverse_mobile=&#8221;0&#8243; row_reverse_tablet=&#8221;0&#8243;][vc_column][vc_raw_html css=&#8221;&#8221; el_class=&#8221;okruszki_style&#8221;]JTVCd3BzZW9fYnJlYWRjcnVtYiU1RA==[\/vc_raw_html][\/vc_column][\/vc_row][vc_row css=&#8221;.vc_custom_1738004650669{margin-bottom:<\/p>\n","protected":false},"author":1,"featured_media":0,"parent":0,"menu_order":0,"comment_status":"closed","ping_status":"closed","template":"","meta":{"footnotes":""},"class_list":["post-83255","page","type-page","status-publish","hentry"],"yoast_head":"<!-- This site is optimized with the Yoast SEO Premium plugin v24.3 (Yoast SEO v27.3) - https:\/\/yoast.com\/product\/yoast-seo-premium-wordpress\/ -->\n<title>BLUZY I POLARY | Manufacturer of printed advertising gadgets - WIB from Bialystok<\/title>\n<meta name=\"description\" content=\"W naszej firmie odbywa si\u0119 produkcja bluz i polar\u00f3w. Szyjemy bluzy damskie oraz m\u0119skie w r\u00f3\u017cnych kolorach i rozmiarach. Dost\u0119pne s\u0105 bluzy z kapturem i zamkiem.\" \/>\n<meta name=\"robots\" content=\"index, follow, max-snippet:-1, max-image-preview:large, max-video-preview:-1\" \/>\n<link rel=\"canonical\" href=\"https:\/\/www.wib.pl\/en\/bluzy-i-polary\/\" \/>\n<meta property=\"og:locale\" content=\"en_US\" \/>\n<meta property=\"og:type\" content=\"article\" \/>\n<meta property=\"og:title\" content=\"BLUZY I POLARY\" \/>\n<meta property=\"og:description\" content=\"W naszej firmie odbywa si\u0119 produkcja bluz i polar\u00f3w. Szyjemy bluzy damskie oraz m\u0119skie w r\u00f3\u017cnych kolorach i rozmiarach. Dost\u0119pne s\u0105 bluzy z kapturem i zamkiem.\" \/>\n<meta property=\"og:url\" content=\"https:\/\/www.wib.pl\/en\/bluzy-i-polary\/\" \/>\n<meta property=\"og:site_name\" content=\"Manufacturer of printed advertising gadgets - WIB from Bialystok\" \/>\n<meta property=\"og:image\" content=\"https:\/\/www.wib.pl\/en\/wp-content\/uploads\/sites\/2\/2025\/02\/cropped-wib_logo.webp\" \/>\n\t<meta property=\"og:image:width\" content=\"512\" \/>\n\t<meta property=\"og:image:height\" content=\"512\" \/>\n\t<meta property=\"og:image:type\" content=\"image\/webp\" \/>\n<meta name=\"twitter:card\" content=\"summary_large_image\" \/>\n<meta name=\"twitter:label1\" content=\"Est. reading time\" \/>\n\t<meta name=\"twitter:data1\" content=\"2 minutes\" \/>\n<script type=\"application\/ld+json\" class=\"yoast-schema-graph\">{\"@context\":\"https:\\\/\\\/schema.org\",\"@graph\":[{\"@type\":\"WebPage\",\"@id\":\"https:\\\/\\\/www.wib.pl\\\/en\\\/bluzy-i-polary\\\/\",\"url\":\"https:\\\/\\\/www.wib.pl\\\/en\\\/bluzy-i-polary\\\/\",\"name\":\"BLUZY I POLARY | Manufacturer of printed advertising gadgets - WIB from Bialystok\",\"isPartOf\":{\"@id\":\"https:\\\/\\\/www.wib.pl\\\/en\\\/#website\"},\"datePublished\":\"2025-01-27T20:19:59+00:00\",\"description\":\"W naszej firmie odbywa si\u0119 produkcja bluz i polar\u00f3w. Szyjemy bluzy damskie oraz m\u0119skie w r\u00f3\u017cnych kolorach i rozmiarach. Dost\u0119pne s\u0105 bluzy z kapturem i zamkiem.\",\"breadcrumb\":{\"@id\":\"https:\\\/\\\/www.wib.pl\\\/en\\\/bluzy-i-polary\\\/#breadcrumb\"},\"inLanguage\":\"en-US\",\"potentialAction\":[{\"@type\":\"ReadAction\",\"target\":[\"https:\\\/\\\/www.wib.pl\\\/en\\\/bluzy-i-polary\\\/\"]}]},{\"@type\":\"BreadcrumbList\",\"@id\":\"https:\\\/\\\/www.wib.pl\\\/en\\\/bluzy-i-polary\\\/#breadcrumb\",\"itemListElement\":[{\"@type\":\"ListItem\",\"position\":1,\"name\":\"Homepage\",\"item\":\"https:\\\/\\\/www.wib.pl\\\/en\\\/\"},{\"@type\":\"ListItem\",\"position\":2,\"name\":\"BLUZY I POLARY\"}]},{\"@type\":\"WebSite\",\"@id\":\"https:\\\/\\\/www.wib.pl\\\/en\\\/#website\",\"url\":\"https:\\\/\\\/www.wib.pl\\\/en\\\/\",\"name\":\"Manufacturer of printed advertising gadgets - WIB from Bialystok\",\"description\":\"We are a manufacturer of printed advertising gadgets and advertising clothing. We provide a wide selection of advertising materials. We encourage you to check our offer.\",\"publisher\":{\"@id\":\"https:\\\/\\\/www.wib.pl\\\/en\\\/#organization\"},\"potentialAction\":[{\"@type\":\"SearchAction\",\"target\":{\"@type\":\"EntryPoint\",\"urlTemplate\":\"https:\\\/\\\/www.wib.pl\\\/en\\\/?s={search_term_string}\"},\"query-input\":{\"@type\":\"PropertyValueSpecification\",\"valueRequired\":true,\"valueName\":\"search_term_string\"}}],\"inLanguage\":\"en-US\"},{\"@type\":\"Organization\",\"@id\":\"https:\\\/\\\/www.wib.pl\\\/en\\\/#organization\",\"name\":\"Manufacturer of printed advertising gadgets - WIB from Bialystok\",\"url\":\"https:\\\/\\\/www.wib.pl\\\/en\\\/\",\"logo\":{\"@type\":\"ImageObject\",\"inLanguage\":\"en-US\",\"@id\":\"https:\\\/\\\/www.wib.pl\\\/en\\\/#\\\/schema\\\/logo\\\/image\\\/\",\"url\":\"https:\\\/\\\/www.wib.pl\\\/en\\\/wp-content\\\/uploads\\\/sites\\\/2\\\/2025\\\/02\\\/cropped-wib_logo.webp\",\"contentUrl\":\"https:\\\/\\\/www.wib.pl\\\/en\\\/wp-content\\\/uploads\\\/sites\\\/2\\\/2025\\\/02\\\/cropped-wib_logo.webp\",\"width\":512,\"height\":512,\"caption\":\"Manufacturer of printed advertising gadgets - WIB from Bialystok\"},\"image\":{\"@id\":\"https:\\\/\\\/www.wib.pl\\\/en\\\/#\\\/schema\\\/logo\\\/image\\\/\"}}]}<\/script>\n<!-- \/ Yoast SEO Premium plugin. -->","yoast_head_json":{"title":"BLUZY I POLARY | Manufacturer of printed advertising gadgets - WIB from Bialystok","description":"W naszej firmie odbywa si\u0119 produkcja bluz i polar\u00f3w. Szyjemy bluzy damskie oraz m\u0119skie w r\u00f3\u017cnych kolorach i rozmiarach. Dost\u0119pne s\u0105 bluzy z kapturem i zamkiem.","robots":{"index":"index","follow":"follow","max-snippet":"max-snippet:-1","max-image-preview":"max-image-preview:large","max-video-preview":"max-video-preview:-1"},"canonical":"https:\/\/www.wib.pl\/en\/bluzy-i-polary\/","og_locale":"en_US","og_type":"article","og_title":"BLUZY I POLARY","og_description":"W naszej firmie odbywa si\u0119 produkcja bluz i polar\u00f3w. Szyjemy bluzy damskie oraz m\u0119skie w r\u00f3\u017cnych kolorach i rozmiarach. Dost\u0119pne s\u0105 bluzy z kapturem i zamkiem.","og_url":"https:\/\/www.wib.pl\/en\/bluzy-i-polary\/","og_site_name":"Manufacturer of printed advertising gadgets - WIB from Bialystok","og_image":[{"width":512,"height":512,"url":"https:\/\/www.wib.pl\/en\/wp-content\/uploads\/sites\/2\/2025\/02\/cropped-wib_logo.webp","type":"image\/webp"}],"twitter_card":"summary_large_image","twitter_misc":{"Est. reading time":"2 minutes"},"schema":{"@context":"https:\/\/schema.org","@graph":[{"@type":"WebPage","@id":"https:\/\/www.wib.pl\/en\/bluzy-i-polary\/","url":"https:\/\/www.wib.pl\/en\/bluzy-i-polary\/","name":"BLUZY I POLARY | Manufacturer of printed advertising gadgets - WIB from Bialystok","isPartOf":{"@id":"https:\/\/www.wib.pl\/en\/#website"},"datePublished":"2025-01-27T20:19:59+00:00","description":"W naszej firmie odbywa si\u0119 produkcja bluz i polar\u00f3w. Szyjemy bluzy damskie oraz m\u0119skie w r\u00f3\u017cnych kolorach i rozmiarach. Dost\u0119pne s\u0105 bluzy z kapturem i zamkiem.","breadcrumb":{"@id":"https:\/\/www.wib.pl\/en\/bluzy-i-polary\/#breadcrumb"},"inLanguage":"en-US","potentialAction":[{"@type":"ReadAction","target":["https:\/\/www.wib.pl\/en\/bluzy-i-polary\/"]}]},{"@type":"BreadcrumbList","@id":"https:\/\/www.wib.pl\/en\/bluzy-i-polary\/#breadcrumb","itemListElement":[{"@type":"ListItem","position":1,"name":"Homepage","item":"https:\/\/www.wib.pl\/en\/"},{"@type":"ListItem","position":2,"name":"BLUZY I POLARY"}]},{"@type":"WebSite","@id":"https:\/\/www.wib.pl\/en\/#website","url":"https:\/\/www.wib.pl\/en\/","name":"Manufacturer of printed advertising gadgets - WIB from Bialystok","description":"We are a manufacturer of printed advertising gadgets and advertising clothing. We provide a wide selection of advertising materials. We encourage you to check our offer.","publisher":{"@id":"https:\/\/www.wib.pl\/en\/#organization"},"potentialAction":[{"@type":"SearchAction","target":{"@type":"EntryPoint","urlTemplate":"https:\/\/www.wib.pl\/en\/?s={search_term_string}"},"query-input":{"@type":"PropertyValueSpecification","valueRequired":true,"valueName":"search_term_string"}}],"inLanguage":"en-US"},{"@type":"Organization","@id":"https:\/\/www.wib.pl\/en\/#organization","name":"Manufacturer of printed advertising gadgets - WIB from Bialystok","url":"https:\/\/www.wib.pl\/en\/","logo":{"@type":"ImageObject","inLanguage":"en-US","@id":"https:\/\/www.wib.pl\/en\/#\/schema\/logo\/image\/","url":"https:\/\/www.wib.pl\/en\/wp-content\/uploads\/sites\/2\/2025\/02\/cropped-wib_logo.webp","contentUrl":"https:\/\/www.wib.pl\/en\/wp-content\/uploads\/sites\/2\/2025\/02\/cropped-wib_logo.webp","width":512,"height":512,"caption":"Manufacturer of printed advertising gadgets - WIB from Bialystok"},"image":{"@id":"https:\/\/www.wib.pl\/en\/#\/schema\/logo\/image\/"}}]}},"_links":{"self":[{"href":"https:\/\/www.wib.pl\/en\/wp-json\/wp\/v2\/pages\/83255","targetHints":{"allow":["GET"]}}],"collection":[{"href":"https:\/\/www.wib.pl\/en\/wp-json\/wp\/v2\/pages"}],"about":[{"href":"https:\/\/www.wib.pl\/en\/wp-json\/wp\/v2\/types\/page"}],"author":[{"embeddable":true,"href":"https:\/\/www.wib.pl\/en\/wp-json\/wp\/v2\/users\/1"}],"replies":[{"embeddable":true,"href":"https:\/\/www.wib.pl\/en\/wp-json\/wp\/v2\/comments?post=83255"}],"version-history":[{"count":0,"href":"https:\/\/www.wib.pl\/en\/wp-json\/wp\/v2\/pages\/83255\/revisions"}],"wp:attachment":[{"href":"https:\/\/www.wib.pl\/en\/wp-json\/wp\/v2\/media?parent=83255"}],"curies":[{"name":"wp","href":"https:\/\/api.w.org\/{rel}","templated":true}]}}