{"id":83266,"date":"2025-01-27T20:40:28","date_gmt":"2025-01-27T20:40:28","guid":{"rendered":"https:\/\/www.wib.pl\/?page_id=83266"},"modified":"2025-01-27T20:40:28","modified_gmt":"2025-01-27T20:40:28","slug":"torby","status":"publish","type":"page","link":"https:\/\/www.wib.pl\/en\/torby\/","title":{"rendered":"TORBY"},"content":{"rendered":"<div class=\"wpb-content-wrapper\"><p>[vc_row full_width=&#8221;stretch_row&#8221; woodmart_stretch_content=&#8221;section-stretch&#8221; css=&#8221;.vc_custom_1738004613360{padding-bottom: 40px !important;}&#8221; woodmart_css_id=&#8221;6797d8824ff15&#8243; responsive_spacing=&#8221;eyJwYXJhbV90eXBlIjoid29vZG1hcnRfcmVzcG9uc2l2ZV9zcGFjaW5nIiwic2VsZWN0b3JfaWQiOiI2Nzk3ZDg4MjRmZjE1Iiwic2hvcnRjb2RlIjoidmNfcm93IiwiZGF0YSI6eyJ0YWJsZXQiOnt9LCJtb2JpbGUiOnt9fX0=&#8221; mobile_bg_img_hidden=&#8221;no&#8221; tablet_bg_img_hidden=&#8221;no&#8221; woodmart_parallax=&#8221;0&#8243; woodmart_gradient_switch=&#8221;no&#8221; woodmart_box_shadow=&#8221;no&#8221; wd_z_index=&#8221;no&#8221; woodmart_disable_overflow=&#8221;0&#8243; row_reverse_mobile=&#8221;0&#8243; row_reverse_tablet=&#8221;0&#8243;][vc_column][vc_raw_html css=&#8221;&#8221; el_class=&#8221;okruszki_style&#8221;]JTVCd3BzZW9fYnJlYWRjcnVtYiU1RA==[\/vc_raw_html][\/vc_column][\/vc_row][vc_row css=&#8221;.vc_custom_1738004650669{margin-bottom: 50px !important;}&#8221; woodmart_css_id=&#8221;6797d8a0ed5bb&#8221; responsive_spacing=&#8221;eyJwYXJhbV90eXBlIjoid29vZG1hcnRfcmVzcG9uc2l2ZV9zcGFjaW5nIiwic2VsZWN0b3JfaWQiOiI2Nzk3ZDhhMGVkNWJiIiwic2hvcnRjb2RlIjoidmNfcm93IiwiZGF0YSI6eyJ0YWJsZXQiOnt9LCJtb2JpbGUiOnt9fX0=&#8221; mobile_bg_img_hidden=&#8221;no&#8221; tablet_bg_img_hidden=&#8221;no&#8221; woodmart_parallax=&#8221;0&#8243; woodmart_gradient_switch=&#8221;no&#8221; woodmart_box_shadow=&#8221;no&#8221; wd_z_index=&#8221;no&#8221; woodmart_disable_overflow=&#8221;0&#8243; row_reverse_mobile=&#8221;0&#8243; row_reverse_tablet=&#8221;0&#8243; el_class=&#8221;containter_100px&#8221;][vc_column width=&#8221;1\/2&#8243;]\t\t<div id=\"wd-6797eea2a9fbb\" class=\"wd-image wd-wpb wd-rs-6797eea2a9fbb text-left \">\n\t\t\t\n\t\t\t\n\t\t\t\t\t<\/div>\n\t\t[\/vc_column][vc_column width=&#8221;1\/2&#8243;]\n\t\t<div id=\"wd-6797eeb8641a6\" class=\"title-wrapper wd-wpb wd-set-mb reset-last-child  wd-rs-6797eeb8641a6 wd-title-color-default wd-title-style-default text-left vc_custom_1738010307660 wd-underline-colored\">\n\t\t\t\n\t\t\t<div class=\"liner-continer\">\n\t\t\t\t<h2 class=\"woodmart-title-container title  wd-font-weight-700 wd-fontsize-l\" >TORBY BAWE\u0141NIANE Z NADRUKIEM<\/h2>\n\t\t\t\t\t\t\t<\/div>\n\t\t\t\n\t\t\t\n\t\t\t\n\t\t<\/div>\n\t\t\n\t\t\t\t<div id=\"wd-6797eeca4b27d\" class=\"wd-text-block wd-wpb reset-last-child wd-rs-6797eeca4b27d text-left wd-font-weight-400 wd-fontsize-custom font-primary vc_custom_1738010316818\">\n\t\t\t<p>Jeste\u015bmy producentem\u00a0<strong>bawe\u0142nianych toreb z nadrukiem<\/strong>, a tak\u017ce toreb z elanobawe\u0142ny, poliestru i dzianin dresowych. Wykonujemy torby dostosowane do indywidualnych potrzeb naszych klient\u00f3w. Mo\u017cemy wyprodukowa\u0107 dowolny wz\u00f3r i model produktu. Wystarczy, \u017ce skontaktujesz si\u0119 z nami i przedstawisz nam swoje oczekiwania. My zajmiemy si\u0119 reszt\u0105 \u2013 sprawnie zrealizujemy nawet najbardziej skomplikowane zam\u00f3wienie.<\/p>\n<p><strong>Torba bawe\u0142niana z nadrukiem jest doskona\u0142ym no\u015bnikiem reklamy<\/strong>. Mo\u017cna j\u0105 wykorzystywa\u0107 na co dzie\u0144, a tak\u017ce podczas wa\u017cnych wyj\u015b\u0107. Atrakcyjna grafika b\u0105d\u017a napis znajduj\u0105ce si\u0119 na produkcie sprawi\u0105, \u017ce torba stanie si\u0119 oryginalnym dodatkiem, niezale\u017cnie od wybranego stroju. Nadruk na torbach bawe\u0142nianych wykonujemy metod\u0105 sitodruku lub sublimacji. Produkujemy torby w dowolnym wyko\u0144czeniu i znakowaniu. Ponadto mo\u017cemy je wyposa\u017cy\u0107 w r\u00f3\u017cne dodatki, takie jak sznurki, uszy czy klamry. Zapraszamy do kontaktu w celu uzyskania szczeg\u00f3\u0142owych informacji o naszej ofercie toreb reklamowych. Zapewniamy najwy\u017csz\u0105 jako\u015b\u0107 produkt\u00f3w i konkurencyjne ceny.<\/p>\n\t\t<\/div>\n\t\t[\/vc_column][\/vc_row][vc_row el_class=&#8221;containter_100px&#8221; woodmart_css_id=&#8221;6797d7d0bcc92&#8243; responsive_spacing=&#8221;eyJwYXJhbV90eXBlIjoid29vZG1hcnRfcmVzcG9uc2l2ZV9zcGFjaW5nIiwic2VsZWN0b3JfaWQiOiI2Nzk3ZDdkMGJjYzkyIiwic2hvcnRjb2RlIjoidmNfcm93IiwiZGF0YSI6eyJ0YWJsZXQiOnt9LCJtb2JpbGUiOnt9fX0=&#8221; mobile_bg_img_hidden=&#8221;no&#8221; tablet_bg_img_hidden=&#8221;no&#8221; woodmart_parallax=&#8221;0&#8243; woodmart_gradient_switch=&#8221;no&#8221; woodmart_box_shadow=&#8221;no&#8221; wd_z_index=&#8221;no&#8221; woodmart_disable_overflow=&#8221;0&#8243; row_reverse_mobile=&#8221;0&#8243; row_reverse_tablet=&#8221;0&#8243; css=&#8221;.vc_custom_1738004513747{margin-bottom: 50px !important;}&#8221;][vc_column]\n\t\t<div id=\"wd-6797eedeee35e\" class=\"title-wrapper wd-wpb wd-set-mb reset-last-child  wd-rs-6797eedeee35e wd-title-color-default wd-title-style-default text-left vc_custom_1738010358470 wd-underline-colored\">\n\t\t\t\n\t\t\t<div class=\"liner-continer\">\n\t\t\t\t<h2 class=\"woodmart-title-container title  wd-font-weight-700 wd-fontsize-l\" >DLACZEGO TORBY REKLAMOWE S\u0104 DOBRYM \u0179R\u00d3D\u0141EM REKLAMY ?<\/h2>\n\t\t\t\t\t\t\t<\/div>\n\t\t\t\n\t\t\t\n\t\t\t\n\t\t<\/div>\n\t\t\n\t\t\t\t<div id=\"wd-6797eed90f1a1\" class=\"wd-text-block wd-wpb reset-last-child wd-rs-6797eed90f1a1 text-left wd-font-weight-400 wd-fontsize-custom font-primary vc_custom_1738010332381\">\n\t\t\t<p><strong>Bawe\u0142niane torby z nadrukiem stanowi\u0105 skuteczny no\u015bnik reklamy<\/strong>, poniewa\u017c za ich pomoc\u0105 mo\u017cna przedstawi\u0107 najwa\u017cniejsze informacje na temat dzia\u0142alno\u015bci. Wystarczy umie\u015bci\u0107 na nich logo firmy, b\u0105d\u017a grafik\u0119 czy napis kojarz\u0105ce si\u0119 z danym przedsi\u0119biorstwem. Du\u017c\u0105 zalet\u0119 toreb stanowi to, \u017ce s\u0105 przyjazne dla \u015brodowiska. Bardzo \u0142adnie wygl\u0105daj\u0105, dzi\u0119ki czemu mo\u017cna je nosi\u0107 do r\u00f3\u017cnych stylizacji. W przeciwie\u0144stwie do toreb z tworzywa sztucznego torby materia\u0142owe zwracaj\u0105 uwag\u0119 otoczenia.\u00a0<strong>Firmy reklamuj\u0105ce si\u0119 poprzez\u00a0nadruki na torbach s\u0105 postrzegane pozytywnie<\/strong>. Odbiorcy widz\u0105, \u017ce tym przedsi\u0119biorstwom nie jest oboj\u0119tny los planety.<\/p>\n<p>Ze wzgl\u0119du na wysok\u0105 wytrzyma\u0142o\u015b\u0107 torby mog\u0105 by\u0107 u\u017cywane wielokrotnie i s\u0142u\u017cy\u0107 do transportu r\u00f3\u017cnych produkt\u00f3w, nie tylko spo\u017cywczych, ale tak\u017ce chemicznych czy innych. Torby bawe\u0142niane z atrakcyjnym nadrukiem mog\u0105 stanowi\u0107 ciekaw\u0105 pami\u0105tk\u0119 z akcji promocyjnej. Jest bardzo prawdopodobne, \u017ce osoby, kt\u00f3re zosta\u0142y nimi obdarowane, b\u0119d\u0105 z nich korzysta\u0107 podczas codziennych zakup\u00f3w. Zalety tych produkt\u00f3w sprawiaj\u0105, \u017ce s\u0105 one tak ch\u0119tnie kupowane przez naszych klient\u00f3w. Zach\u0119camy do zapoznania si\u0119 z ofert\u0105 i sprawdzenia, czym jeszcze wyr\u00f3\u017cniaj\u0105 si\u0119 bawe\u0142niane torby z nadrukiem.<\/p>\n<p>Torby reklamowe bawe\u0142niane ciesz\u0105 si\u0119 coraz wi\u0119ksz\u0105 popularno\u015bci\u0105. Ma na to wp\u0142yw mocny materia\u0142, kt\u00f3ry jest o wiele bardziej wytrzyma\u0142y i estetyczny ni\u017c folia. S\u0105 \u015bwietnym, modnym gad\u017cetem s\u0142u\u017c\u0105cym przechowywaniu i przenoszeniu rzeczy osobistych i r\u00f3\u017cnych potrzebnych przedmiot\u00f3w. Nadaj\u0105 si\u0119 idealnie do pracy, na spacer, na si\u0142owni\u0119 czy zakupy. Przede wszystkim stanowi\u0105 efektowny no\u015bnik reklamy, kt\u00f3ry mo\u017ce s\u0142u\u017cy\u0107 promocji danej marki. Ka\u017cda firma, kt\u00f3rej zale\u017cy na pozyskaniu nowych klient\u00f3w i poszerzeniu \u015bwiadomo\u015bci i rozpoznawalno\u015bci marki powinna si\u0119gn\u0105\u0107 po to narz\u0119dzie marketingu.<\/p>\n<p><strong>Torby bawe\u0142niane<\/strong>\u00a0reklamowe pomog\u0105 zbudowa\u0107 pozytywny wizerunek Twojej firmy, a tak\u017ce nawi\u0105za\u0107 trwa\u0142e relacje z nowymi i aktualnymi klientami i kontrahentami. Interesuje Ci\u0119 zakup bawe\u0142nianej torby reklamowej? Jeste\u015b we w\u0142a\u015bciwym miejscu! Jeste\u015bmy pr\u0119\u017cnie rozwijaj\u0105c\u0105 si\u0119 firm\u0105 specjalizuj\u0105c\u0105 si\u0119 w produkcji odzie\u017cy i gad\u017cet\u00f3w reklamowych w tym bawe\u0142nianych toreb reklamowych, a tak\u017ce wysokiej jako\u015bci nadruk\u00f3w wykonywanych w z wykorzystaniem technologii sitodruku i sublimacji oraz haft\u00f3w. Nasz kreatywny i wyspecjalizowany zesp\u00f3\u0142 wyprodukuje ka\u017cdy wz\u00f3r i model torby, zgodnie z Twoimi preferencjami i oczekiwaniami.<\/p>\n<p>Torba bawe\u0142niana mo\u017ce by\u0107 doskona\u0142ym no\u015bnikiem informacji, dlatego warto zastanowi\u0107 si\u0119 nad tym, co chcesz przekaza\u0107 przez ni\u0105.\u00a0<strong>Torby bawe\u0142niane<\/strong>\u00a0mo\u017cemy wyprodukowa\u0107 wraz z dowolnymi elementami takimi jak: sznurki, klamry, uszy itp. Wykonujemy je w dowolnym kolorze i zestawieniu kolor\u00f3w, a tak\u017ce o dowolnym wyko\u0144czeniu i znakowaniu (sublimacja, haft, sitodruk). Projekt graficzny opracowywany jest przez studio projektowe, kt\u00f3re wykorzystuje specyfik\u0119 technologii, kt\u00f3r\u0105 wykorzystujemy w naszej firmie. Dajemy Ci mo\u017cliwo\u015b\u0107 stworzenia w\u0142asnego spersonalizowanego projektu zgodnego z w\u0142asnymi preferencjami. Zapraszamy do kontaktu!<\/p>\n\t\t<\/div>\n\t\t[\/vc_column][\/vc_row]<\/p>\n<\/div>","protected":false},"excerpt":{"rendered":"<p>[vc_row full_width=&#8221;stretch_row&#8221; woodmart_stretch_content=&#8221;section-stretch&#8221; css=&#8221;.vc_custom_1738004613360{padding-bottom: 40px !important;}&#8221; woodmart_css_id=&#8221;6797d8824ff15&#8243; responsive_spacing=&#8221;eyJwYXJhbV90eXBlIjoid29vZG1hcnRfcmVzcG9uc2l2ZV9zcGFjaW5nIiwic2VsZWN0b3JfaWQiOiI2Nzk3ZDg4MjRmZjE1Iiwic2hvcnRjb2RlIjoidmNfcm93IiwiZGF0YSI6eyJ0YWJsZXQiOnt9LCJtb2JpbGUiOnt9fX0=&#8221; mobile_bg_img_hidden=&#8221;no&#8221; tablet_bg_img_hidden=&#8221;no&#8221; woodmart_parallax=&#8221;0&#8243; woodmart_gradient_switch=&#8221;no&#8221; woodmart_box_shadow=&#8221;no&#8221; wd_z_index=&#8221;no&#8221; woodmart_disable_overflow=&#8221;0&#8243; row_reverse_mobile=&#8221;0&#8243; row_reverse_tablet=&#8221;0&#8243;][vc_column][vc_raw_html css=&#8221;&#8221; el_class=&#8221;okruszki_style&#8221;]JTVCd3BzZW9fYnJlYWRjcnVtYiU1RA==[\/vc_raw_html][\/vc_column][\/vc_row][vc_row css=&#8221;.vc_custom_1738004650669{margin-bottom:<\/p>\n","protected":false},"author":1,"featured_media":0,"parent":0,"menu_order":0,"comment_status":"closed","ping_status":"closed","template":"","meta":{"footnotes":""},"class_list":["post-83266","page","type-page","status-publish","hentry"],"yoast_head":"<!-- This site is optimized with the Yoast SEO Premium plugin v24.3 (Yoast SEO v27.4) - https:\/\/yoast.com\/product\/yoast-seo-premium-wordpress\/ -->\n<title>TORBY | Manufacturer of printed advertising gadgets - WIB from Bialystok<\/title>\n<meta name=\"description\" content=\"Oferujemy bawe\u0142niane torby z nadrukiem. Wykonujemy te\u017c torby z elanobawe\u0142ny, poliestru i dzianin dresowych. Na torbach materia\u0142owych umieszczamy r\u00f3\u017cne nadruki.\" \/>\n<meta name=\"robots\" content=\"index, follow, max-snippet:-1, max-image-preview:large, max-video-preview:-1\" \/>\n<link rel=\"canonical\" href=\"https:\/\/www.wib.pl\/en\/torby\/\" \/>\n<meta property=\"og:locale\" content=\"en_US\" \/>\n<meta property=\"og:type\" content=\"article\" \/>\n<meta property=\"og:title\" content=\"TORBY\" \/>\n<meta property=\"og:description\" content=\"Oferujemy bawe\u0142niane torby z nadrukiem. Wykonujemy te\u017c torby z elanobawe\u0142ny, poliestru i dzianin dresowych. Na torbach materia\u0142owych umieszczamy r\u00f3\u017cne nadruki.\" \/>\n<meta property=\"og:url\" content=\"https:\/\/www.wib.pl\/en\/torby\/\" \/>\n<meta property=\"og:site_name\" content=\"Manufacturer of printed advertising gadgets - WIB from Bialystok\" \/>\n<meta property=\"og:image\" content=\"https:\/\/www.wib.pl\/en\/wp-content\/uploads\/sites\/2\/2025\/02\/cropped-wib_logo.webp\" \/>\n\t<meta property=\"og:image:width\" content=\"512\" \/>\n\t<meta property=\"og:image:height\" content=\"512\" \/>\n\t<meta property=\"og:image:type\" content=\"image\/webp\" \/>\n<meta name=\"twitter:card\" content=\"summary_large_image\" \/>\n<meta name=\"twitter:label1\" content=\"Est. reading time\" \/>\n\t<meta name=\"twitter:data1\" content=\"5 minutes\" \/>\n<script type=\"application\/ld+json\" class=\"yoast-schema-graph\">{\"@context\":\"https:\\\/\\\/schema.org\",\"@graph\":[{\"@type\":\"WebPage\",\"@id\":\"https:\\\/\\\/www.wib.pl\\\/en\\\/torby\\\/\",\"url\":\"https:\\\/\\\/www.wib.pl\\\/en\\\/torby\\\/\",\"name\":\"TORBY | Manufacturer of printed advertising gadgets - WIB from Bialystok\",\"isPartOf\":{\"@id\":\"https:\\\/\\\/www.wib.pl\\\/en\\\/#website\"},\"datePublished\":\"2025-01-27T20:40:28+00:00\",\"description\":\"Oferujemy bawe\u0142niane torby z nadrukiem. Wykonujemy te\u017c torby z elanobawe\u0142ny, poliestru i dzianin dresowych. Na torbach materia\u0142owych umieszczamy r\u00f3\u017cne nadruki.\",\"breadcrumb\":{\"@id\":\"https:\\\/\\\/www.wib.pl\\\/en\\\/torby\\\/#breadcrumb\"},\"inLanguage\":\"en-US\",\"potentialAction\":[{\"@type\":\"ReadAction\",\"target\":[\"https:\\\/\\\/www.wib.pl\\\/en\\\/torby\\\/\"]}]},{\"@type\":\"BreadcrumbList\",\"@id\":\"https:\\\/\\\/www.wib.pl\\\/en\\\/torby\\\/#breadcrumb\",\"itemListElement\":[{\"@type\":\"ListItem\",\"position\":1,\"name\":\"Homepage\",\"item\":\"https:\\\/\\\/www.wib.pl\\\/en\\\/\"},{\"@type\":\"ListItem\",\"position\":2,\"name\":\"TORBY\"}]},{\"@type\":\"WebSite\",\"@id\":\"https:\\\/\\\/www.wib.pl\\\/en\\\/#website\",\"url\":\"https:\\\/\\\/www.wib.pl\\\/en\\\/\",\"name\":\"Manufacturer of printed advertising gadgets - WIB from Bialystok\",\"description\":\"We are a manufacturer of printed advertising gadgets and advertising clothing. We provide a wide selection of advertising materials. We encourage you to check our offer.\",\"publisher\":{\"@id\":\"https:\\\/\\\/www.wib.pl\\\/en\\\/#organization\"},\"potentialAction\":[{\"@type\":\"SearchAction\",\"target\":{\"@type\":\"EntryPoint\",\"urlTemplate\":\"https:\\\/\\\/www.wib.pl\\\/en\\\/?s={search_term_string}\"},\"query-input\":{\"@type\":\"PropertyValueSpecification\",\"valueRequired\":true,\"valueName\":\"search_term_string\"}}],\"inLanguage\":\"en-US\"},{\"@type\":\"Organization\",\"@id\":\"https:\\\/\\\/www.wib.pl\\\/en\\\/#organization\",\"name\":\"Manufacturer of printed advertising gadgets - WIB from Bialystok\",\"url\":\"https:\\\/\\\/www.wib.pl\\\/en\\\/\",\"logo\":{\"@type\":\"ImageObject\",\"inLanguage\":\"en-US\",\"@id\":\"https:\\\/\\\/www.wib.pl\\\/en\\\/#\\\/schema\\\/logo\\\/image\\\/\",\"url\":\"https:\\\/\\\/www.wib.pl\\\/en\\\/wp-content\\\/uploads\\\/sites\\\/2\\\/2025\\\/02\\\/cropped-wib_logo.webp\",\"contentUrl\":\"https:\\\/\\\/www.wib.pl\\\/en\\\/wp-content\\\/uploads\\\/sites\\\/2\\\/2025\\\/02\\\/cropped-wib_logo.webp\",\"width\":512,\"height\":512,\"caption\":\"Manufacturer of printed advertising gadgets - WIB from Bialystok\"},\"image\":{\"@id\":\"https:\\\/\\\/www.wib.pl\\\/en\\\/#\\\/schema\\\/logo\\\/image\\\/\"}}]}<\/script>\n<!-- \/ Yoast SEO Premium plugin. -->","yoast_head_json":{"title":"TORBY | Manufacturer of printed advertising gadgets - WIB from Bialystok","description":"Oferujemy bawe\u0142niane torby z nadrukiem. Wykonujemy te\u017c torby z elanobawe\u0142ny, poliestru i dzianin dresowych. Na torbach materia\u0142owych umieszczamy r\u00f3\u017cne nadruki.","robots":{"index":"index","follow":"follow","max-snippet":"max-snippet:-1","max-image-preview":"max-image-preview:large","max-video-preview":"max-video-preview:-1"},"canonical":"https:\/\/www.wib.pl\/en\/torby\/","og_locale":"en_US","og_type":"article","og_title":"TORBY","og_description":"Oferujemy bawe\u0142niane torby z nadrukiem. Wykonujemy te\u017c torby z elanobawe\u0142ny, poliestru i dzianin dresowych. Na torbach materia\u0142owych umieszczamy r\u00f3\u017cne nadruki.","og_url":"https:\/\/www.wib.pl\/en\/torby\/","og_site_name":"Manufacturer of printed advertising gadgets - WIB from Bialystok","og_image":[{"width":512,"height":512,"url":"https:\/\/www.wib.pl\/en\/wp-content\/uploads\/sites\/2\/2025\/02\/cropped-wib_logo.webp","type":"image\/webp"}],"twitter_card":"summary_large_image","twitter_misc":{"Est. reading time":"5 minutes"},"schema":{"@context":"https:\/\/schema.org","@graph":[{"@type":"WebPage","@id":"https:\/\/www.wib.pl\/en\/torby\/","url":"https:\/\/www.wib.pl\/en\/torby\/","name":"TORBY | Manufacturer of printed advertising gadgets - WIB from Bialystok","isPartOf":{"@id":"https:\/\/www.wib.pl\/en\/#website"},"datePublished":"2025-01-27T20:40:28+00:00","description":"Oferujemy bawe\u0142niane torby z nadrukiem. Wykonujemy te\u017c torby z elanobawe\u0142ny, poliestru i dzianin dresowych. Na torbach materia\u0142owych umieszczamy r\u00f3\u017cne nadruki.","breadcrumb":{"@id":"https:\/\/www.wib.pl\/en\/torby\/#breadcrumb"},"inLanguage":"en-US","potentialAction":[{"@type":"ReadAction","target":["https:\/\/www.wib.pl\/en\/torby\/"]}]},{"@type":"BreadcrumbList","@id":"https:\/\/www.wib.pl\/en\/torby\/#breadcrumb","itemListElement":[{"@type":"ListItem","position":1,"name":"Homepage","item":"https:\/\/www.wib.pl\/en\/"},{"@type":"ListItem","position":2,"name":"TORBY"}]},{"@type":"WebSite","@id":"https:\/\/www.wib.pl\/en\/#website","url":"https:\/\/www.wib.pl\/en\/","name":"Manufacturer of printed advertising gadgets - WIB from Bialystok","description":"We are a manufacturer of printed advertising gadgets and advertising clothing. We provide a wide selection of advertising materials. We encourage you to check our offer.","publisher":{"@id":"https:\/\/www.wib.pl\/en\/#organization"},"potentialAction":[{"@type":"SearchAction","target":{"@type":"EntryPoint","urlTemplate":"https:\/\/www.wib.pl\/en\/?s={search_term_string}"},"query-input":{"@type":"PropertyValueSpecification","valueRequired":true,"valueName":"search_term_string"}}],"inLanguage":"en-US"},{"@type":"Organization","@id":"https:\/\/www.wib.pl\/en\/#organization","name":"Manufacturer of printed advertising gadgets - WIB from Bialystok","url":"https:\/\/www.wib.pl\/en\/","logo":{"@type":"ImageObject","inLanguage":"en-US","@id":"https:\/\/www.wib.pl\/en\/#\/schema\/logo\/image\/","url":"https:\/\/www.wib.pl\/en\/wp-content\/uploads\/sites\/2\/2025\/02\/cropped-wib_logo.webp","contentUrl":"https:\/\/www.wib.pl\/en\/wp-content\/uploads\/sites\/2\/2025\/02\/cropped-wib_logo.webp","width":512,"height":512,"caption":"Manufacturer of printed advertising gadgets - WIB from Bialystok"},"image":{"@id":"https:\/\/www.wib.pl\/en\/#\/schema\/logo\/image\/"}}]}},"_links":{"self":[{"href":"https:\/\/www.wib.pl\/en\/wp-json\/wp\/v2\/pages\/83266","targetHints":{"allow":["GET"]}}],"collection":[{"href":"https:\/\/www.wib.pl\/en\/wp-json\/wp\/v2\/pages"}],"about":[{"href":"https:\/\/www.wib.pl\/en\/wp-json\/wp\/v2\/types\/page"}],"author":[{"embeddable":true,"href":"https:\/\/www.wib.pl\/en\/wp-json\/wp\/v2\/users\/1"}],"replies":[{"embeddable":true,"href":"https:\/\/www.wib.pl\/en\/wp-json\/wp\/v2\/comments?post=83266"}],"version-history":[{"count":0,"href":"https:\/\/www.wib.pl\/en\/wp-json\/wp\/v2\/pages\/83266\/revisions"}],"wp:attachment":[{"href":"https:\/\/www.wib.pl\/en\/wp-json\/wp\/v2\/media?parent=83266"}],"curies":[{"name":"wp","href":"https:\/\/api.w.org\/{rel}","templated":true}]}}